{"id":1454,"date":"2023-05-18T10:04:35","date_gmt":"2023-05-18T10:04:35","guid":{"rendered":"https:\/\/mascarpi.com\/paginas-legales\/"},"modified":"2023-06-30T09:28:57","modified_gmt":"2023-06-30T09:28:57","slug":"paginas-legales","status":"publish","type":"page","link":"https:\/\/mascarpi.com\/es\/paginas-legales\/","title":{"rendered":"P\u00e1ginas legales"},"content":{"rendered":"<p>[et_pb_section fb_built=\u00bb1&#8243; _builder_version=\u00bb4.16&#8243; _module_preset=\u00bbdefault\u00bb background_image=\u00bbhttps:\/\/mascarpi.com\/wp-content\/uploads\/2023\/03\/MASCARPI_Revelades-111-2.webp\u00bb background_enable_video_mp4=\u00bboff\u00bb height=\u00bb70vh\u00bb bottom_divider_repeat=\u00bb1x\u00bb locked=\u00bboff\u00bb global_colors_info=\u00bb{}\u00bb][et_pb_row _builder_version=\u00bb4.16&#8243; _module_preset=\u00bbdefault\u00bb positioning=\u00bbabsolute\u00bb position_origin_a=\u00bbcenter_center\u00bb global_colors_info=\u00bb{}\u00bb][et_pb_column type=\u00bb4_4&#8243; _builder_version=\u00bb4.16&#8243; _module_preset=\u00bbdefault\u00bb global_colors_info=\u00bb{}\u00bb][et_pb_text _builder_version=\u00bb4.16&#8243; _module_preset=\u00bbdefault\u00bb header_font=\u00bbPlayfair Display||||||||\u00bb header_text_color=\u00bb#FFFFFF\u00bb header_font_size=\u00bb72px\u00bb header_line_height=\u00bb1.3em\u00bb global_colors_info=\u00bb{}\u00bb]<\/p>\n<h1 style=\"text-align: center;\">P\u00e1ginas legales<\/h1>\n<p>[\/et_pb_text][\/et_pb_column][\/et_pb_row][\/et_pb_section][et_pb_section fb_built=\u00bb1&#8243; _builder_version=\u00bb4.16&#8243; _module_preset=\u00bbdefault\u00bb background_color=\u00bbRGBA(255,255,255,0)\u00bb background_image=\u00bbhttps:\/\/mascarpi.com\/wp-content\/uploads\/2022\/04\/Recurso-4.svg\u00bb min_height=\u00bb20vh\u00bb height=\u00bb20vh\u00bb custom_margin=\u00bb-100px||0px||false|false\u00bb custom_padding=\u00bb||0px||false|false\u00bb scroll_horizontal_motion_enable=\u00bbon\u00bb locked=\u00bboff\u00bb global_colors_info=\u00bb{}\u00bb][et_pb_row make_equal=\u00bbon\u00bb _builder_version=\u00bb4.16&#8243; _module_preset=\u00bbdefault\u00bb background_enable_image=\u00bboff\u00bb width=\u00bb100%\u00bb max_width=\u00bb100%\u00bb global_colors_info=\u00bb{}\u00bb][et_pb_column type=\u00bb4_4&#8243; _builder_version=\u00bb4.16&#8243; _module_preset=\u00bbdefault\u00bb global_colors_info=\u00bb{}\u00bb][\/et_pb_column][\/et_pb_row][\/et_pb_section][et_pb_section fb_built=\u00bb1&#8243; admin_label=\u00bbFresh Ingredients\u00bb _builder_version=\u00bb4.16&#8243; background_enable_color=\u00bboff\u00bb background_image=\u00bbhttps:\/\/mascarpi.com\/wp-content\/uploads\/2022\/05\/CARPI-WEB-background-2.png\u00bb parallax=\u00bbon\u00bb custom_padding=\u00bb0px|0px|100px|0px||\u00bb global_colors_info=\u00bb{}\u00bb][et_pb_row _builder_version=\u00bb4.16&#8243; background_size=\u00bbinitial\u00bb background_position=\u00bbtop_left\u00bb background_repeat=\u00bbrepeat\u00bb custom_padding=\u00bb27px|0px|27px|0px\u00bb custom_width_px=\u00bb1774px\u00bb global_colors_info=\u00bb{}\u00bb][et_pb_column type=\u00bb4_4&#8243; _builder_version=\u00bb4.16&#8243; custom_padding=\u00bb|||\u00bb global_colors_info=\u00bb{}\u00bb custom_padding__hover=\u00bb|||\u00bb][et_pb_divider show_divider=\u00bboff\u00bb _builder_version=\u00bb4.16&#8243; max_width=\u00bb60px\u00bb module_alignment=\u00bbcenter\u00bb custom_margin=\u00bb||10px|\u00bb saved_tabs=\u00bball\u00bb locked=\u00bboff\u00bb global_colors_info=\u00bb{}\u00bb][\/et_pb_divider][et_pb_text _builder_version=\u00bb4.16&#8243; _module_preset=\u00bbdefault\u00bb text_font=\u00bbGotham Book||||||||\u00bb header_2_font=\u00bbNoto Serif||||||||\u00bb locked=\u00bboff\u00bb global_colors_info=\u00bb{}\u00bb]<\/p>\n<h2>Aviso legal<\/h2>\n<p>[\/et_pb_text][et_pb_toggle title=\u00bb1. Titularidad\u00bb open_toggle_text_color=\u00bb#FFFFFF\u00bb open_toggle_background_color=\u00bb#736D4F\u00bb closed_toggle_background_color=\u00bb#736D4F\u00bb icon_color=\u00bb#FFFFFF\u00bb open_icon_color=\u00bb#FFFFFF\u00bb open_use_icon_font_size=\u00bbon\u00bb _builder_version=\u00bb4.16&#8243; _module_preset=\u00bbdefault\u00bb title_text_color=\u00bb#FFFFFF\u00bb title_font=\u00bbGotham Book|500|||||||\u00bb title_font_size=\u00bb20px\u00bb body_font=\u00bbGotham Book||||||||\u00bb body_text_color=\u00bb#FFFFFF\u00bb global_colors_info=\u00bb{}\u00bb]<\/p>\n<p>De acuerdo con el art\u00edculo 10 de la Ley 34\/2002, de 11 de julio, de Servicios de la Sociedad de la Informaci\u00f3n y Comercio Electr\u00f3nico (LSSI-CE), informamos que esta web y dominio www.mascarpi.com pertenecen a Jaume Sendra Marl\u00e8s (en adelante MAS CARPI), con NIF 77783167L, con domicilio en Crta Les Ordes Km 3.6 43815 Aiguam\u00farcia (Tarragona).<\/p>\n<p>[\/et_pb_toggle][et_pb_toggle title=\u00bb2. Condiciones de uso\u00bb open_toggle_text_color=\u00bb#FFFFFF\u00bb open_toggle_background_color=\u00bb#736D4F\u00bb closed_toggle_background_color=\u00bb#736D4F\u00bb icon_color=\u00bb#FFFFFF\u00bb open_icon_color=\u00bb#FFFFFF\u00bb open_use_icon_font_size=\u00bbon\u00bb _builder_version=\u00bb4.21.0&#8243; _module_preset=\u00bbdefault\u00bb title_text_color=\u00bb#FFFFFF\u00bb title_font=\u00bbGotham Book|500|||||||\u00bb title_font_size=\u00bb20px\u00bb body_font=\u00bbGotham Book||||||||\u00bb body_text_color=\u00bb#FFFFFF\u00bb hover_enabled=\u00bb0&#8243; global_colors_info=\u00bb{}\u00bb sticky_enabled=\u00bb0&#8243;]<\/p>\n<p>La utilizaci\u00f3n de esta web est\u00e1 sujeta a las condiciones de uso siguientes. Les rogamos que las lean atentamente. El hecho de acceder a este sitio web y utilizar los enlaces que contiene, implica que usted ha le\u00eddo y acepta, sin ninguna reserva, estas condiciones.<\/p>\n<p>Mas Carpi se reserva el derecho de modificar en cualquier momento las presentes Condiciones, as\u00ed como cualquier otra condici\u00f3n o instrucciones aplicables a este sitio web. As\u00ed mismo, se reserva el derecho de suspender, interrumpir o dejar de operar este sitio web en cualquier momento.<\/p>\n<p>Este portal web contiene materiales preparados por Mas Carpi con car\u00e1cter meramente informativo.<\/p>\n<p>[\/et_pb_toggle][et_pb_toggle title=\u00bb3. Responsabilidad sobre los contingentes y enlaces\u00bb open_toggle_text_color=\u00bb#FFFFFF\u00bb open_toggle_background_color=\u00bb#736D4F\u00bb closed_toggle_background_color=\u00bb#736D4F\u00bb icon_color=\u00bb#FFFFFF\u00bb open_icon_color=\u00bb#FFFFFF\u00bb open_use_icon_font_size=\u00bbon\u00bb _builder_version=\u00bb4.21.0&#8243; _module_preset=\u00bbdefault\u00bb title_text_color=\u00bb#FFFFFF\u00bb title_font=\u00bbGotham Book|500|||||||\u00bb title_font_size=\u00bb20px\u00bb body_font=\u00bbGotham Book||||||||\u00bb body_text_color=\u00bb#FFFFFF\u00bb hover_enabled=\u00bb0&#8243; global_colors_info=\u00bb{}\u00bb sticky_enabled=\u00bb0&#8243;]<\/p>\n<p>El usuario utiliza esta web bajo su responsabilidad. Mas Carpi declina cualquier responsabilidad que se derive de la mala utilizaci\u00f3n del contenido de sus p\u00e1ginas.<\/p>\n<p>Mas Carpi no se hace responsables de los errores o las omisiones sobre sus contenidos, que son meramente informativos y no obligan al titular de la p\u00e1gina web hasta la confirmaci\u00f3n de la aceptaci\u00f3n de un contrato. Mas Carpi no podr\u00e1 ser considerada responsable de ning\u00fan da\u00f1o derivado de la utilizaci\u00f3n de esta web, ni de ninguna actuaci\u00f3n realizada en base a la informaci\u00f3n que se facilita.<\/p>\n<p>Mas Carpi incluye enlaces que pueden dirigir al usuario a otros lugares y p\u00e1ginas web gestionados por terceros. Su finalidad es meramente informativa. Mas Carpi no responder\u00e1 ni de los contenidos, ni del estado de estos lugares, ni de estas p\u00e1ginas web, ni implica recomendaci\u00f3n o aprobaci\u00f3n sobre sus contenidos.<\/p>\n<p>[\/et_pb_toggle][et_pb_toggle title=\u00bb4. Derechos de propiedad intelectual e industrial\u00bb open_toggle_text_color=\u00bb#FFFFFF\u00bb open_toggle_background_color=\u00bb#736D4F\u00bb closed_toggle_background_color=\u00bb#736D4F\u00bb icon_color=\u00bb#FFFFFF\u00bb open_icon_color=\u00bb#FFFFFF\u00bb open_use_icon_font_size=\u00bbon\u00bb _builder_version=\u00bb4.21.0&#8243; _module_preset=\u00bbdefault\u00bb title_text_color=\u00bb#FFFFFF\u00bb title_font=\u00bbGotham Book|500|||||||\u00bb title_font_size=\u00bb20px\u00bb body_font=\u00bbGotham Book||||||||\u00bb body_text_color=\u00bb#FFFFFF\u00bb hover_enabled=\u00bb0&#8243; global_colors_info=\u00bb{}\u00bb sticky_enabled=\u00bb0&#8243;]<\/p>\n<p>La totalidad del contenido y estructura de esta p\u00e1gina web: Logotipos, textos, fotograf\u00edas, dise\u00f1os, las combinaciones de colores, la forma de presentaci\u00f3n de los contenidos u otros elementos est\u00e1 afectado por derechos de propiedad intelectual e industrial con titularidad de Mas Carpi\u00a0<span>o, de terceras personas con qui\u00e9n Mas Carpi ha acordado su uso<\/span>.<\/p>\n<p>El usuario se compromete a respetar estos derechos de Propiedad Intelectual e industrial, titularidad de Mas Carpi.<\/p>\n<p>Podr\u00e1 visualizar los elementos del portal e incluso imprimirlos, copiarlos y almacenarlos en el disco duro de su ordenador o, en cualquier otro apoyo f\u00edsico siempre que sea, \u00fanica y exclusivamente, para uso personal y privado.<\/p>\n<p>Queda prohibida la reproducci\u00f3n, distribuci\u00f3n, comunicaci\u00f3n p\u00fablica, puesta a disposici\u00f3n del p\u00fablico y en general cualquier otra forma de explotaci\u00f3n, por cualquier procedimiento, de todo o parte de los contenidos de este sitio web.<\/p>\n<p>El usuario tendr\u00e1 que abstenerse de suprimir, alterar, eludir o manipular cualquier dispositivo de protecci\u00f3n o sistema de seguridad que estuviera instalado en las p\u00e1ginas de Mas Carpi.<\/p>\n<p>[\/et_pb_toggle][et_pb_toggle title=\u00bb5. Legislaci\u00f3n aplicable y jurisdicci\u00f3n\u00bb open_toggle_text_color=\u00bb#FFFFFF\u00bb open_toggle_background_color=\u00bb#736D4F\u00bb closed_toggle_background_color=\u00bb#736D4F\u00bb icon_color=\u00bb#FFFFFF\u00bb open_icon_color=\u00bb#FFFFFF\u00bb open_use_icon_font_size=\u00bbon\u00bb _builder_version=\u00bb4.21.0&#8243; _module_preset=\u00bbdefault\u00bb title_text_color=\u00bb#FFFFFF\u00bb title_font=\u00bbGotham Book|500|||||||\u00bb title_font_size=\u00bb20px\u00bb body_font=\u00bbGotham Book||||||||\u00bb body_text_color=\u00bb#FFFFFF\u00bb hover_enabled=\u00bb0&#8243; global_colors_info=\u00bb{}\u00bb sticky_enabled=\u00bb0&#8243;]<\/p>\n<p>La relaci\u00f3n entre usuario y prestamista se regir\u00e1 por la normativa vigente y de aplicaci\u00f3n en el territorio espa\u00f1ol.<\/p>\n<p>De surgir cualquier controversia, las partes podr\u00e1n someter sus conflictos a arbitraje o acudir a la jurisdicci\u00f3n ordinaria, cumpliendo con las normas sobre jurisdicci\u00f3n y competencia sobre este tema.<\/p>\n<p>[\/et_pb_toggle][\/et_pb_column][\/et_pb_row][et_pb_row _builder_version=\u00bb4.16&#8243; background_size=\u00bbinitial\u00bb background_position=\u00bbtop_left\u00bb background_repeat=\u00bbrepeat\u00bb custom_padding=\u00bb27px|0px|27px|0px\u00bb custom_width_px=\u00bb1774px\u00bb global_colors_info=\u00bb{}\u00bb][et_pb_column type=\u00bb4_4&#8243; _builder_version=\u00bb4.16&#8243; custom_padding=\u00bb|||\u00bb global_colors_info=\u00bb{}\u00bb custom_padding__hover=\u00bb|||\u00bb][et_pb_divider show_divider=\u00bboff\u00bb _builder_version=\u00bb4.16&#8243; max_width=\u00bb60px\u00bb module_alignment=\u00bbcenter\u00bb custom_margin=\u00bb||10px|\u00bb saved_tabs=\u00bball\u00bb locked=\u00bboff\u00bb global_colors_info=\u00bb{}\u00bb][\/et_pb_divider][et_pb_text _builder_version=\u00bb4.16&#8243; _module_preset=\u00bbdefault\u00bb text_font=\u00bbGotham Book||||||||\u00bb header_2_font=\u00bbNoto Serif||||||||\u00bb locked=\u00bboff\u00bb global_colors_info=\u00bb{}\u00bb]<\/p>\n<h2>Pol\u00edtica de privacidad<\/h2>\n<p>[\/et_pb_text][et_pb_toggle title=\u00bb1. Privacidad de datos\u00bb open_toggle_text_color=\u00bb#FFFFFF\u00bb open_toggle_background_color=\u00bb#736D4F\u00bb closed_toggle_background_color=\u00bb#736D4F\u00bb icon_color=\u00bb#FFFFFF\u00bb open_icon_color=\u00bb#FFFFFF\u00bb open_use_icon_font_size=\u00bbon\u00bb _builder_version=\u00bb4.21.0&#8243; _module_preset=\u00bbdefault\u00bb title_text_color=\u00bb#FFFFFF\u00bb title_font=\u00bbGotham Book|500|||||||\u00bb title_font_size=\u00bb20px\u00bb body_font=\u00bbGotham Book||||||||\u00bb body_text_color=\u00bb#FFFFFF\u00bb hover_enabled=\u00bb0&#8243; global_colors_info=\u00bb{}\u00bb sticky_enabled=\u00bb0&#8243;]<\/p>\n<p>En aplicaci\u00f3n del nuevo Reglamento (UE) 2016\/679 del Parlamento Europeo y del Consejo, de 27 de abril de 2016, relativo a la protecci\u00f3n de las personas f\u00edsicas por lo que respecta al tratamiento de datos personales y a la libre circulaci\u00f3n de estos datos, (en lo sucesivo RGPD), aplicable a todos los pa\u00edses miembros de la Uni\u00f3n Europea a partir del 25 de mayo de 2018, le informamos sobre el tratamiento de sus datos de car\u00e1cter personal.<\/p>\n<p>Mas Carpi informa a los usuarios de su sitio web, que los datos personales recaudados por la empresa, mediante los formularios de su p\u00e1gina, ser\u00e1n introducidos en un fichero bajo la responsabilidad de Mas Carpi, con el fin de poder facilitar nuestra comunicaci\u00f3n, confirmaci\u00f3n de reservas, aclarar cualquier duda o consulta en lo referente a la misma, agilizando as\u00ed y cumpliendo los compromisos establecidos entre ambas partes.<\/p>\n<p>Tambi\u00e9n, pueden ser utilizadas para promocionar nuestro alojamiento rural.<\/p>\n<p>Informamos que sus datos los conservaremos durante un periodo m\u00e1ximo de 5 a\u00f1os y si no hay ning\u00fan contacto posterior, los borraremos definitivamente de nuestros ficheros.<\/p>\n<p>As\u00ed mismo, Mas Carpi informa de la posibilidad de ejercer vuestros derechos de acceso, transparencia, rectificaci\u00f3n, cancelaci\u00f3n, oposici\u00f3n, supresi\u00f3n y limitaci\u00f3n en el tratamiento seg\u00fan se prev\u00e9 en la norma, mediante un escrito a la direcci\u00f3n: Carretera Les Ordes km 3,5 \u2013 43815 Aiguam\u00farcia o a nuestro correo electr\u00f3nico:<a href=\"mailto:info@mascarpi.com\"><span>info@mascarpi.com .<\/span><\/a> La solicitud tiene que contener el nombre y los apellidos del usuario, el domicilio a efectos de notificaciones, la fotocopia del documento nacional de identidad o el pasaporte, el contenido concreto de la petici\u00f3n o el derecho que se ejercita y la documentaci\u00f3n, si procede.<\/p>\n<p>Mientras el usuario no comunique lo contrario a Mas Carpi, este entender\u00e1 que sus datos no han sido modificados, que el usuario se compromete a notificar a Mas Carpi cualquier variaci\u00f3n y que Mas Carpi tiene el consentimiento para utilizarlos a fin de poder fidelitzar la relaci\u00f3n entre las partes.<\/p>\n<p>[\/et_pb_toggle][\/et_pb_column][\/et_pb_row][\/et_pb_section]<\/p>\n","protected":false},"excerpt":{"rendered":"<p>P\u00e1ginas legalesAviso legalDe acuerdo con el art\u00edculo 10 de la Ley 34\/2002, de 11 de julio, de Servicios de la Sociedad de la Informaci\u00f3n y Comercio Electr\u00f3nico (LSSI-CE), informamos que esta web y dominio www.mascarpi.com pertenecen a Jaume Sendra Marl\u00e8s (en adelante MAS CARPI), con NIF 77783167L, con domicilio en Crta Les Ordes Km 3.6 [&hellip;]<\/p>\n","protected":false},"author":1,"featured_media":0,"parent":0,"menu_order":0,"comment_status":"closed","ping_status":"closed","template":"","meta":{"_et_pb_use_builder":"on","_et_pb_old_content":"","_et_gb_content_width":"","inline_featured_image":false,"_joinchat":[],"footnotes":""},"class_list":["post-1454","page","type-page","status-publish","hentry"],"yoast_head":"<!-- This site is optimized with the Yoast SEO plugin v25.5 - https:\/\/yoast.com\/wordpress\/plugins\/seo\/ -->\n<title>P\u00e1ginas legales - Casa rural ecosostenible<\/title>\n<meta name=\"description\" content=\"P\u00e1ginas legales. Informaci\u00f3n sobre el tratamiento de datos y el uso de estas de los usuarios que se hace desde Mas Carpi.\" \/>\n<meta name=\"robots\" content=\"index, follow, max-snippet:-1, max-image-preview:large, max-video-preview:-1\" \/>\n<link rel=\"canonical\" href=\"https:\/\/mascarpi.com\/es\/paginas-legales\/\" \/>\n<meta property=\"og:locale\" content=\"es_ES\" \/>\n<meta property=\"og:type\" content=\"article\" \/>\n<meta property=\"og:title\" content=\"P\u00e1ginas legales - Casa rural ecosostenible\" \/>\n<meta property=\"og:description\" content=\"P\u00e1ginas legales. Informaci\u00f3n sobre el tratamiento de datos y el uso de estas de los usuarios que se hace desde Mas Carpi.\" \/>\n<meta property=\"og:url\" content=\"https:\/\/mascarpi.com\/es\/paginas-legales\/\" \/>\n<meta property=\"og:site_name\" content=\"Casa rural ecosostenible\" \/>\n<meta property=\"article:modified_time\" content=\"2023-06-30T09:28:57+00:00\" \/>\n<meta name=\"twitter:card\" content=\"summary_large_image\" \/>\n<meta name=\"twitter:label1\" content=\"Tiempo de lectura\" \/>\n\t<meta name=\"twitter:data1\" content=\"9 minutos\" \/>\n<script type=\"application\/ld+json\" class=\"yoast-schema-graph\">{\"@context\":\"https:\/\/schema.org\",\"@graph\":[{\"@type\":\"WebPage\",\"@id\":\"https:\/\/mascarpi.com\/es\/paginas-legales\/\",\"url\":\"https:\/\/mascarpi.com\/es\/paginas-legales\/\",\"name\":\"P\u00e1ginas legales - Casa rural ecosostenible\",\"isPartOf\":{\"@id\":\"https:\/\/mascarpi.com\/#website\"},\"datePublished\":\"2023-05-18T10:04:35+00:00\",\"dateModified\":\"2023-06-30T09:28:57+00:00\",\"description\":\"P\u00e1ginas legales. Informaci\u00f3n sobre el tratamiento de datos y el uso de estas de los usuarios que se hace desde Mas Carpi.\",\"breadcrumb\":{\"@id\":\"https:\/\/mascarpi.com\/es\/paginas-legales\/#breadcrumb\"},\"inLanguage\":\"es\",\"potentialAction\":[{\"@type\":\"ReadAction\",\"target\":[\"https:\/\/mascarpi.com\/es\/paginas-legales\/\"]}]},{\"@type\":\"BreadcrumbList\",\"@id\":\"https:\/\/mascarpi.com\/es\/paginas-legales\/#breadcrumb\",\"itemListElement\":[{\"@type\":\"ListItem\",\"position\":1,\"name\":\"Portada\",\"item\":\"https:\/\/mascarpi.com\/en\/\"},{\"@type\":\"ListItem\",\"position\":2,\"name\":\"P\u00e1ginas legales\"}]},{\"@type\":\"WebSite\",\"@id\":\"https:\/\/mascarpi.com\/#website\",\"url\":\"https:\/\/mascarpi.com\/\",\"name\":\"Casa rural ecosostenible\",\"description\":\"Just another WordPress site\",\"potentialAction\":[{\"@type\":\"SearchAction\",\"target\":{\"@type\":\"EntryPoint\",\"urlTemplate\":\"https:\/\/mascarpi.com\/?s={search_term_string}\"},\"query-input\":{\"@type\":\"PropertyValueSpecification\",\"valueRequired\":true,\"valueName\":\"search_term_string\"}}],\"inLanguage\":\"es\"}]}<\/script>\n<!-- \/ Yoast SEO plugin. -->","yoast_head_json":{"title":"P\u00e1ginas legales - Casa rural ecosostenible","description":"P\u00e1ginas legales. Informaci\u00f3n sobre el tratamiento de datos y el uso de estas de los usuarios que se hace desde Mas Carpi.","robots":{"index":"index","follow":"follow","max-snippet":"max-snippet:-1","max-image-preview":"max-image-preview:large","max-video-preview":"max-video-preview:-1"},"canonical":"https:\/\/mascarpi.com\/es\/paginas-legales\/","og_locale":"es_ES","og_type":"article","og_title":"P\u00e1ginas legales - Casa rural ecosostenible","og_description":"P\u00e1ginas legales. Informaci\u00f3n sobre el tratamiento de datos y el uso de estas de los usuarios que se hace desde Mas Carpi.","og_url":"https:\/\/mascarpi.com\/es\/paginas-legales\/","og_site_name":"Casa rural ecosostenible","article_modified_time":"2023-06-30T09:28:57+00:00","twitter_card":"summary_large_image","twitter_misc":{"Tiempo de lectura":"9 minutos"},"schema":{"@context":"https:\/\/schema.org","@graph":[{"@type":"WebPage","@id":"https:\/\/mascarpi.com\/es\/paginas-legales\/","url":"https:\/\/mascarpi.com\/es\/paginas-legales\/","name":"P\u00e1ginas legales - Casa rural ecosostenible","isPartOf":{"@id":"https:\/\/mascarpi.com\/#website"},"datePublished":"2023-05-18T10:04:35+00:00","dateModified":"2023-06-30T09:28:57+00:00","description":"P\u00e1ginas legales. Informaci\u00f3n sobre el tratamiento de datos y el uso de estas de los usuarios que se hace desde Mas Carpi.","breadcrumb":{"@id":"https:\/\/mascarpi.com\/es\/paginas-legales\/#breadcrumb"},"inLanguage":"es","potentialAction":[{"@type":"ReadAction","target":["https:\/\/mascarpi.com\/es\/paginas-legales\/"]}]},{"@type":"BreadcrumbList","@id":"https:\/\/mascarpi.com\/es\/paginas-legales\/#breadcrumb","itemListElement":[{"@type":"ListItem","position":1,"name":"Portada","item":"https:\/\/mascarpi.com\/en\/"},{"@type":"ListItem","position":2,"name":"P\u00e1ginas legales"}]},{"@type":"WebSite","@id":"https:\/\/mascarpi.com\/#website","url":"https:\/\/mascarpi.com\/","name":"Casa rural ecosostenible","description":"Just another WordPress site","potentialAction":[{"@type":"SearchAction","target":{"@type":"EntryPoint","urlTemplate":"https:\/\/mascarpi.com\/?s={search_term_string}"},"query-input":{"@type":"PropertyValueSpecification","valueRequired":true,"valueName":"search_term_string"}}],"inLanguage":"es"}]}},"_links":{"self":[{"href":"https:\/\/mascarpi.com\/es\/wp-json\/wp\/v2\/pages\/1454","targetHints":{"allow":["GET"]}}],"collection":[{"href":"https:\/\/mascarpi.com\/es\/wp-json\/wp\/v2\/pages"}],"about":[{"href":"https:\/\/mascarpi.com\/es\/wp-json\/wp\/v2\/types\/page"}],"author":[{"embeddable":true,"href":"https:\/\/mascarpi.com\/es\/wp-json\/wp\/v2\/users\/1"}],"replies":[{"embeddable":true,"href":"https:\/\/mascarpi.com\/es\/wp-json\/wp\/v2\/comments?post=1454"}],"version-history":[{"count":11,"href":"https:\/\/mascarpi.com\/es\/wp-json\/wp\/v2\/pages\/1454\/revisions"}],"predecessor-version":[{"id":1722,"href":"https:\/\/mascarpi.com\/es\/wp-json\/wp\/v2\/pages\/1454\/revisions\/1722"}],"wp:attachment":[{"href":"https:\/\/mascarpi.com\/es\/wp-json\/wp\/v2\/media?parent=1454"}],"curies":[{"name":"wp","href":"https:\/\/api.w.org\/{rel}","templated":true}]}}