{"id":1460,"date":"2023-05-18T10:35:57","date_gmt":"2023-05-18T10:35:57","guid":{"rendered":"https:\/\/mascarpi.com\/politica-de-cookies\/"},"modified":"2023-06-30T09:30:31","modified_gmt":"2023-06-30T09:30:31","slug":"politica-de-cookies","status":"publish","type":"page","link":"https:\/\/mascarpi.com\/es\/politica-de-cookies\/","title":{"rendered":"Pol\u00edtica de cookies"},"content":{"rendered":"<p>[et_pb_section fb_built=\u00bb1&#8243; _builder_version=\u00bb4.16&#8243; _module_preset=\u00bbdefault\u00bb background_image=\u00bbhttps:\/\/mascarpi.com\/wp-content\/uploads\/2023\/03\/MASCARPI_Revelades-111-2.webp\u00bb background_enable_video_mp4=\u00bboff\u00bb height=\u00bb70vh\u00bb bottom_divider_repeat=\u00bb1x\u00bb locked=\u00bboff\u00bb global_colors_info=\u00bb{}\u00bb][et_pb_row _builder_version=\u00bb4.16&#8243; _module_preset=\u00bbdefault\u00bb positioning=\u00bbabsolute\u00bb position_origin_a=\u00bbcenter_center\u00bb global_colors_info=\u00bb{}\u00bb][et_pb_column type=\u00bb4_4&#8243; _builder_version=\u00bb4.16&#8243; _module_preset=\u00bbdefault\u00bb global_colors_info=\u00bb{}\u00bb][et_pb_text _builder_version=\u00bb4.16&#8243; _module_preset=\u00bbdefault\u00bb header_font=\u00bbPlayfair Display||||||||\u00bb header_text_color=\u00bb#FFFFFF\u00bb header_font_size=\u00bb72px\u00bb header_line_height=\u00bb1.3em\u00bb global_colors_info=\u00bb{}\u00bb]<\/p>\n<h1 style=\"text-align: center;\">Pol\u00edtica de cookies<\/h1>\n<p>[\/et_pb_text][\/et_pb_column][\/et_pb_row][\/et_pb_section][et_pb_section fb_built=\u00bb1&#8243; _builder_version=\u00bb4.16&#8243; _module_preset=\u00bbdefault\u00bb background_color=\u00bbRGBA(255,255,255,0)\u00bb background_image=\u00bbhttps:\/\/mascarpi.com\/wp-content\/uploads\/2022\/04\/Recurso-4.svg\u00bb min_height=\u00bb20vh\u00bb height=\u00bb20vh\u00bb custom_margin=\u00bb-100px||0px||false|false\u00bb custom_padding=\u00bb||0px||false|false\u00bb scroll_horizontal_motion_enable=\u00bbon\u00bb locked=\u00bboff\u00bb global_colors_info=\u00bb{}\u00bb][et_pb_row make_equal=\u00bbon\u00bb _builder_version=\u00bb4.16&#8243; _module_preset=\u00bbdefault\u00bb background_enable_image=\u00bboff\u00bb width=\u00bb100%\u00bb max_width=\u00bb100%\u00bb global_colors_info=\u00bb{}\u00bb][et_pb_column type=\u00bb4_4&#8243; _builder_version=\u00bb4.16&#8243; _module_preset=\u00bbdefault\u00bb global_colors_info=\u00bb{}\u00bb][\/et_pb_column][\/et_pb_row][\/et_pb_section][et_pb_section fb_built=\u00bb1&#8243; admin_label=\u00bbFresh Ingredients\u00bb _builder_version=\u00bb4.16&#8243; background_enable_color=\u00bboff\u00bb background_image=\u00bbhttps:\/\/mascarpi.com\/wp-content\/uploads\/2022\/05\/CARPI-WEB-background-2.png\u00bb parallax=\u00bbon\u00bb custom_padding=\u00bb0px|0px|100px|0px||\u00bb global_colors_info=\u00bb{}\u00bb][et_pb_row _builder_version=\u00bb4.16&#8243; background_size=\u00bbinitial\u00bb background_position=\u00bbtop_left\u00bb background_repeat=\u00bbrepeat\u00bb custom_padding=\u00bb27px|0px|27px|0px\u00bb custom_width_px=\u00bb1774px\u00bb global_colors_info=\u00bb{}\u00bb][et_pb_column type=\u00bb4_4&#8243; _builder_version=\u00bb4.16&#8243; custom_padding=\u00bb|||\u00bb global_colors_info=\u00bb{}\u00bb custom_padding__hover=\u00bb|||\u00bb][et_pb_divider show_divider=\u00bboff\u00bb _builder_version=\u00bb4.16&#8243; max_width=\u00bb60px\u00bb module_alignment=\u00bbcenter\u00bb custom_margin=\u00bb||10px|\u00bb saved_tabs=\u00bball\u00bb locked=\u00bboff\u00bb global_colors_info=\u00bb{}\u00bb][\/et_pb_divider][et_pb_toggle title=\u00bb1. Qu\u00e9 son las cookies?\u00bb open_toggle_text_color=\u00bb#FFFFFF\u00bb open_toggle_background_color=\u00bb#736D4F\u00bb closed_toggle_background_color=\u00bb#736D4F\u00bb icon_color=\u00bb#FFFFFF\u00bb open_icon_color=\u00bb#FFFFFF\u00bb open_use_icon_font_size=\u00bbon\u00bb _builder_version=\u00bb4.16&#8243; _module_preset=\u00bbdefault\u00bb title_text_color=\u00bb#FFFFFF\u00bb title_font=\u00bbGotham Book|500|||||||\u00bb title_font_size=\u00bb20px\u00bb body_font=\u00bbGotham Book||||||||\u00bb body_text_color=\u00bb#FFFFFF\u00bb global_colors_info=\u00bb{}\u00bb]<\/p>\n<p>Una <em>cookie<\/em> es un fichero que se descarga en tu ordenador al acceder a determinadas p\u00e1ginas web. Las cookies permiten a una p\u00e1gina web, entre otras cosas, almacenar y recuperar informaci\u00f3n sobre los h\u00e1bitos de navegaci\u00f3n de un usuario o de su equipo y, dependiendo de la informaci\u00f3n que contengan y de la forma en que utilice su equipo, pueden utilizarse para reconocer al usuario o para guardar opciones que el usuario ha elegido (lengua, colores, etc&#8230;).<\/p>\n<p>Las cookies son esenciales para el funcionamiento de internet, aportando innumerables ventajas a la prestaci\u00f3n de servicios interactivos, facilitando la navegaci\u00f3n y usabilidad de nuestra web.<\/p>\n<p>[\/et_pb_toggle][et_pb_toggle title=\u00bb2. Tipo de cookies\u00bb open_toggle_text_color=\u00bb#FFFFFF\u00bb open_toggle_background_color=\u00bb#736D4F\u00bb closed_toggle_background_color=\u00bb#736D4F\u00bb icon_color=\u00bb#FFFFFF\u00bb open_icon_color=\u00bb#FFFFFF\u00bb open_use_icon_font_size=\u00bbon\u00bb _builder_version=\u00bb4.21.0&#8243; _module_preset=\u00bbdefault\u00bb title_text_color=\u00bb#FFFFFF\u00bb title_font=\u00bbGotham Book|500|||||||\u00bb title_font_size=\u00bb20px\u00bb body_font=\u00bbGotham Book||||||||\u00bb body_text_color=\u00bb#FFFFFF\u00bb hover_enabled=\u00bb0&#8243; global_colors_info=\u00bb{}\u00bb sticky_enabled=\u00bb0&#8243;]<\/p>\n<p><strong>Depende qui\u00e9n las gestione<\/strong> pueden ser:<\/p>\n<p>Cookies propias: Son aquellas que se recaban por el propio editor para prestar el servicio solicitado por el usuario.<\/p>\n<p>Cookies de terceros: Son aquellas que son recabadas y gestionadas por un tercero, estas no se pueden considerar propias.<\/p>\n<p>&nbsp;<\/p>\n<p>Seg\u00fan el <strong>plazo de tiempo que est\u00e9n activadas<\/strong>, ser\u00e1n:<\/p>\n<p>Cookies de sesi\u00f3n: recaban datos mientras el usuario navega por la red con el fin de prestar el servicio solicitado.<\/p>\n<p>Cookies persistentes: Se almacenan a la terminal y la informaci\u00f3n obtenida, ser\u00e1 utilizada por el responsable de la cookie con el fin de prestar el servicio solicitado.<\/p>\n<p>&nbsp;<\/p>\n<p>Seg\u00fan la <strong>finalidad<\/strong> por la cual se traten los datos obtenidos, son:<\/p>\n<p>Cookies t\u00e9cnicas: Son las necesarias para la correcta navegaci\u00f3n por la web.<\/p>\n<p>Cookies de personalizaci\u00f3n: Permiten al usuario las caracter\u00edsticas (idioma) para la navegaci\u00f3n por la website .<\/p>\n<p>Cookies de an\u00e1lisis: Permiten al prestador el an\u00e1lisis vinculado a la navegaci\u00f3n realizada por el usuario, con el fin de llevar un seguimiento de uso de la p\u00e1gina web, as\u00ed como realizar estad\u00edsticas de los contenidos m\u00e1s visitados, n\u00famero de visitantes, etc.<\/p>\n<p>Cookies publicitarias: Permiten al editor incluir en la web, espacios publicitarios, seg\u00fan el contenido de la propia web.<\/p>\n<p>Cookies de publicidad comportamental: Permiten al editor incluir en la p\u00e1gina web espacios publicitarios seg\u00fan la informaci\u00f3n obtenida a trav\u00e9s de los h\u00e1bitos de navegaci\u00f3n del usuario.<\/p>\n<p>[\/et_pb_toggle][et_pb_toggle title=\u00bb3. Qu\u00e9 tipo de cookies utiliza esta p\u00e1gina web?\u00bb open_toggle_text_color=\u00bb#FFFFFF\u00bb open_toggle_background_color=\u00bb#736D4F\u00bb closed_toggle_background_color=\u00bb#736D4F\u00bb icon_color=\u00bb#FFFFFF\u00bb open_icon_color=\u00bb#FFFFFF\u00bb open_use_icon_font_size=\u00bbon\u00bb _builder_version=\u00bb4.16&#8243; _module_preset=\u00bbdefault\u00bb title_text_color=\u00bb#FFFFFF\u00bb title_font=\u00bbGotham Book|500|||||||\u00bb title_font_size=\u00bb20px\u00bb body_font=\u00bbGotham Book||||||||\u00bb body_text_color=\u00bb#FFFFFF\u00bb global_colors_info=\u00bb{}\u00bb]<\/p>\n<p>Seg\u00fan lo dispuesto en el art\u00edculo 22.2 de la Lley 34\/2002, de 11 de julio, de Servicios de la Sociedad de la Informaci\u00f3n y de Comercio Electr\u00f3nico (LSSI-CE), Mas Carpi informa de las <em>cookies<\/em> utilizadas en nuestra website:<\/p>\n<p>Cookies propias y de terceros<\/p>\n<p>Seg\u00fan finalidad se utilizan: <em>cookies<\/em> t\u00e9cnicas, de personalizaci\u00f3n y de anal\u00edtica<\/p>\n<p>La aplicaci\u00f3n que utilizamos para obtener y analizar la informaci\u00f3n de la navegaci\u00f3n es: Google Analytics: Puede consultar su pol\u00edtica de <em>cookies<\/em> a trav\u00e9s de los siguientes enlaces:<\/p>\n<p><a href=\"https:\/\/developers.google.com\/analytics\/devguides\/collection\/analyticsjs\/cookie-usage\">https:\/\/developers.google.com\/analytics\/devguides\/collection\/analyticsjs\/cookie-usage<\/a><\/p>\n<p><a href=\"https:\/\/support.google.com\/analytics\/answer\/6004245\">https:\/\/support.google.com\/analytics\/answer\/6004245<\/a><\/p>\n<p>[\/et_pb_toggle][et_pb_toggle title=\u00bb4. Aceptaci\u00f3n de cookies\u00bb open_toggle_text_color=\u00bb#FFFFFF\u00bb open_toggle_background_color=\u00bb#736D4F\u00bb closed_toggle_background_color=\u00bb#736D4F\u00bb icon_color=\u00bb#FFFFFF\u00bb open_icon_color=\u00bb#FFFFFF\u00bb open_use_icon_font_size=\u00bbon\u00bb _builder_version=\u00bb4.16&#8243; _module_preset=\u00bbdefault\u00bb title_text_color=\u00bb#FFFFFF\u00bb title_font=\u00bbGotham Book|500|||||||\u00bb title_font_size=\u00bb20px\u00bb body_font=\u00bbGotham Book||||||||\u00bb body_text_color=\u00bb#FFFFFF\u00bb global_colors_info=\u00bb{}\u00bb]<\/p>\n<p>El usuario acepta expresamente, al utilizar esta p\u00e1gina web, el tratamiento de la informaci\u00f3n recogida de la manera y con las finalidades antes mencionadas.<\/p>\n<p>Y as\u00ed mismo reconoce que conoce la posibilidad de rechazar el tratamiento de estos datos o informaci\u00f3n rechazando el uso de <em>cookies<\/em> mediante la selecci\u00f3n en su navegador de la configuraci\u00f3n apropiada para esta finalidad. Si bien esta opci\u00f3n de bloqueo de <em>cookies<\/em> en su navegador quiz\u00e1s no le permitir\u00e1 la utilizaci\u00f3n de todas las funcionalidades de la p\u00e1gina web.<\/p>\n<p>Usted puede permitir, bloquear o eliminar las <em>cookies<\/em> instaladas en su equipo mediante la configuraci\u00f3n de las opciones del navegador instalado en su ordenador.<\/p>\n<p>En cada navegador la operativa es diferente. Consulte la ayuda de su navegador para saber c\u00f3mo operar.<\/p>\n<p>[\/et_pb_toggle][\/et_pb_column][\/et_pb_row][\/et_pb_section]<\/p>\n","protected":false},"excerpt":{"rendered":"<p>Pol\u00edtica de cookiesUna cookie es un fichero que se descarga en tu ordenador al acceder a determinadas p\u00e1ginas web. Las cookies permiten a una p\u00e1gina web, entre otras cosas, almacenar y recuperar informaci\u00f3n sobre los h\u00e1bitos de navegaci\u00f3n de un usuario o de su equipo y, dependiendo de la informaci\u00f3n que contengan y de la [&hellip;]<\/p>\n","protected":false},"author":4,"featured_media":0,"parent":0,"menu_order":0,"comment_status":"closed","ping_status":"closed","template":"","meta":{"_et_pb_use_builder":"on","_et_pb_old_content":"","_et_gb_content_width":"","inline_featured_image":false,"_joinchat":[],"footnotes":""},"class_list":["post-1460","page","type-page","status-publish","hentry"],"yoast_head":"<!-- This site is optimized with the Yoast SEO plugin v25.5 - https:\/\/yoast.com\/wordpress\/plugins\/seo\/ -->\n<title>Pol\u00edtica de cookies - Casa rural ecosostenible<\/title>\n<meta name=\"description\" content=\"La pol\u00edtica de cookies tiene por finalidad informar de manera clara y precisa sobre las cookies que se utilizan en la p\u00e1gina web.\" \/>\n<meta name=\"robots\" content=\"index, follow, max-snippet:-1, max-image-preview:large, max-video-preview:-1\" \/>\n<link rel=\"canonical\" href=\"https:\/\/mascarpi.com\/es\/politica-de-cookies\/\" \/>\n<meta property=\"og:locale\" content=\"es_ES\" \/>\n<meta property=\"og:type\" content=\"article\" \/>\n<meta property=\"og:title\" content=\"Pol\u00edtica de cookies - Casa rural ecosostenible\" \/>\n<meta property=\"og:description\" content=\"La pol\u00edtica de cookies tiene por finalidad informar de manera clara y precisa sobre las cookies que se utilizan en la p\u00e1gina web.\" \/>\n<meta property=\"og:url\" content=\"https:\/\/mascarpi.com\/es\/politica-de-cookies\/\" \/>\n<meta property=\"og:site_name\" content=\"Casa rural ecosostenible\" \/>\n<meta property=\"article:modified_time\" content=\"2023-06-30T09:30:31+00:00\" \/>\n<meta name=\"twitter:card\" content=\"summary_large_image\" \/>\n<meta name=\"twitter:label1\" content=\"Tiempo de lectura\" \/>\n\t<meta name=\"twitter:data1\" content=\"4 minutos\" \/>\n<script type=\"application\/ld+json\" class=\"yoast-schema-graph\">{\"@context\":\"https:\/\/schema.org\",\"@graph\":[{\"@type\":\"WebPage\",\"@id\":\"https:\/\/mascarpi.com\/es\/politica-de-cookies\/\",\"url\":\"https:\/\/mascarpi.com\/es\/politica-de-cookies\/\",\"name\":\"Pol\u00edtica de cookies - Casa rural ecosostenible\",\"isPartOf\":{\"@id\":\"https:\/\/mascarpi.com\/#website\"},\"datePublished\":\"2023-05-18T10:35:57+00:00\",\"dateModified\":\"2023-06-30T09:30:31+00:00\",\"description\":\"La pol\u00edtica de cookies tiene por finalidad informar de manera clara y precisa sobre las cookies que se utilizan en la p\u00e1gina web.\",\"breadcrumb\":{\"@id\":\"https:\/\/mascarpi.com\/es\/politica-de-cookies\/#breadcrumb\"},\"inLanguage\":\"es\",\"potentialAction\":[{\"@type\":\"ReadAction\",\"target\":[\"https:\/\/mascarpi.com\/es\/politica-de-cookies\/\"]}]},{\"@type\":\"BreadcrumbList\",\"@id\":\"https:\/\/mascarpi.com\/es\/politica-de-cookies\/#breadcrumb\",\"itemListElement\":[{\"@type\":\"ListItem\",\"position\":1,\"name\":\"Portada\",\"item\":\"https:\/\/mascarpi.com\/en\/\"},{\"@type\":\"ListItem\",\"position\":2,\"name\":\"Pol\u00edtica de cookies\"}]},{\"@type\":\"WebSite\",\"@id\":\"https:\/\/mascarpi.com\/#website\",\"url\":\"https:\/\/mascarpi.com\/\",\"name\":\"Casa rural ecosostenible\",\"description\":\"Just another WordPress site\",\"potentialAction\":[{\"@type\":\"SearchAction\",\"target\":{\"@type\":\"EntryPoint\",\"urlTemplate\":\"https:\/\/mascarpi.com\/?s={search_term_string}\"},\"query-input\":{\"@type\":\"PropertyValueSpecification\",\"valueRequired\":true,\"valueName\":\"search_term_string\"}}],\"inLanguage\":\"es\"}]}<\/script>\n<!-- \/ Yoast SEO plugin. -->","yoast_head_json":{"title":"Pol\u00edtica de cookies - Casa rural ecosostenible","description":"La pol\u00edtica de cookies tiene por finalidad informar de manera clara y precisa sobre las cookies que se utilizan en la p\u00e1gina web.","robots":{"index":"index","follow":"follow","max-snippet":"max-snippet:-1","max-image-preview":"max-image-preview:large","max-video-preview":"max-video-preview:-1"},"canonical":"https:\/\/mascarpi.com\/es\/politica-de-cookies\/","og_locale":"es_ES","og_type":"article","og_title":"Pol\u00edtica de cookies - Casa rural ecosostenible","og_description":"La pol\u00edtica de cookies tiene por finalidad informar de manera clara y precisa sobre las cookies que se utilizan en la p\u00e1gina web.","og_url":"https:\/\/mascarpi.com\/es\/politica-de-cookies\/","og_site_name":"Casa rural ecosostenible","article_modified_time":"2023-06-30T09:30:31+00:00","twitter_card":"summary_large_image","twitter_misc":{"Tiempo de lectura":"4 minutos"},"schema":{"@context":"https:\/\/schema.org","@graph":[{"@type":"WebPage","@id":"https:\/\/mascarpi.com\/es\/politica-de-cookies\/","url":"https:\/\/mascarpi.com\/es\/politica-de-cookies\/","name":"Pol\u00edtica de cookies - Casa rural ecosostenible","isPartOf":{"@id":"https:\/\/mascarpi.com\/#website"},"datePublished":"2023-05-18T10:35:57+00:00","dateModified":"2023-06-30T09:30:31+00:00","description":"La pol\u00edtica de cookies tiene por finalidad informar de manera clara y precisa sobre las cookies que se utilizan en la p\u00e1gina web.","breadcrumb":{"@id":"https:\/\/mascarpi.com\/es\/politica-de-cookies\/#breadcrumb"},"inLanguage":"es","potentialAction":[{"@type":"ReadAction","target":["https:\/\/mascarpi.com\/es\/politica-de-cookies\/"]}]},{"@type":"BreadcrumbList","@id":"https:\/\/mascarpi.com\/es\/politica-de-cookies\/#breadcrumb","itemListElement":[{"@type":"ListItem","position":1,"name":"Portada","item":"https:\/\/mascarpi.com\/en\/"},{"@type":"ListItem","position":2,"name":"Pol\u00edtica de cookies"}]},{"@type":"WebSite","@id":"https:\/\/mascarpi.com\/#website","url":"https:\/\/mascarpi.com\/","name":"Casa rural ecosostenible","description":"Just another WordPress site","potentialAction":[{"@type":"SearchAction","target":{"@type":"EntryPoint","urlTemplate":"https:\/\/mascarpi.com\/?s={search_term_string}"},"query-input":{"@type":"PropertyValueSpecification","valueRequired":true,"valueName":"search_term_string"}}],"inLanguage":"es"}]}},"_links":{"self":[{"href":"https:\/\/mascarpi.com\/es\/wp-json\/wp\/v2\/pages\/1460","targetHints":{"allow":["GET"]}}],"collection":[{"href":"https:\/\/mascarpi.com\/es\/wp-json\/wp\/v2\/pages"}],"about":[{"href":"https:\/\/mascarpi.com\/es\/wp-json\/wp\/v2\/types\/page"}],"author":[{"embeddable":true,"href":"https:\/\/mascarpi.com\/es\/wp-json\/wp\/v2\/users\/4"}],"replies":[{"embeddable":true,"href":"https:\/\/mascarpi.com\/es\/wp-json\/wp\/v2\/comments?post=1460"}],"version-history":[{"count":7,"href":"https:\/\/mascarpi.com\/es\/wp-json\/wp\/v2\/pages\/1460\/revisions"}],"predecessor-version":[{"id":1725,"href":"https:\/\/mascarpi.com\/es\/wp-json\/wp\/v2\/pages\/1460\/revisions\/1725"}],"wp:attachment":[{"href":"https:\/\/mascarpi.com\/es\/wp-json\/wp\/v2\/media?parent=1460"}],"curies":[{"name":"wp","href":"https:\/\/api.w.org\/{rel}","templated":true}]}}