{"id":1825,"date":"2023-11-28T10:48:35","date_gmt":"2023-11-28T10:48:35","guid":{"rendered":"https:\/\/mascarpi.com\/politique-de-cookies\/"},"modified":"2023-11-28T10:48:37","modified_gmt":"2023-11-28T10:48:37","slug":"politique-de-cookies","status":"publish","type":"page","link":"https:\/\/mascarpi.com\/fr\/politique-de-cookies\/","title":{"rendered":"Politique de cookies"},"content":{"rendered":"<p>[et_pb_section fb_built=\u00a0\u00bb1&Prime; _builder_version=\u00a0\u00bb4.16&Prime; _module_preset=\u00a0\u00bbdefault\u00a0\u00bb background_image=\u00a0\u00bbhttps:\/\/mascarpi.com\/wp-content\/uploads\/2023\/03\/MASCARPI_Revelades-111-2.webp\u00a0\u00bb background_enable_video_mp4=\u00a0\u00bboff\u00a0\u00bb height=\u00a0\u00bb70vh\u00a0\u00bb bottom_divider_repeat=\u00a0\u00bb1x\u00a0\u00bb locked=\u00a0\u00bboff\u00a0\u00bb global_colors_info=\u00a0\u00bb{}\u00a0\u00bb][et_pb_row _builder_version=\u00a0\u00bb4.16&Prime; _module_preset=\u00a0\u00bbdefault\u00a0\u00bb positioning=\u00a0\u00bbabsolute\u00a0\u00bb position_origin_a=\u00a0\u00bbcenter_center\u00a0\u00bb global_colors_info=\u00a0\u00bb{}\u00a0\u00bb][et_pb_column type=\u00a0\u00bb4_4&Prime; _builder_version=\u00a0\u00bb4.16&Prime; _module_preset=\u00a0\u00bbdefault\u00a0\u00bb global_colors_info=\u00a0\u00bb{}\u00a0\u00bb][et_pb_text _builder_version=\u00a0\u00bb4.16&Prime; _module_preset=\u00a0\u00bbdefault\u00a0\u00bb header_font=\u00a0\u00bbPlayfair Display||||||||\u00a0\u00bb header_text_color=\u00a0\u00bb#FFFFFF\u00a0\u00bb header_font_size=\u00a0\u00bb72px\u00a0\u00bb header_line_height=\u00a0\u00bb1.3em\u00a0\u00bb global_colors_info=\u00a0\u00bb{}\u00a0\u00bb]<\/p>\n<h1 style=\"text-align: center;\">Politique de cookies<\/h1>\n<p>[\/et_pb_text][\/et_pb_column][\/et_pb_row][\/et_pb_section][et_pb_section fb_built=\u00a0\u00bb1&Prime; _builder_version=\u00a0\u00bb4.16&Prime; _module_preset=\u00a0\u00bbdefault\u00a0\u00bb background_color=\u00a0\u00bbRGBA(255,255,255,0)\u00a0\u00bb background_image=\u00a0\u00bbhttps:\/\/mascarpi.com\/wp-content\/uploads\/2022\/04\/Recurso-4.svg\u00a0\u00bb min_height=\u00a0\u00bb20vh\u00a0\u00bb height=\u00a0\u00bb20vh\u00a0\u00bb custom_margin=\u00a0\u00bb-100px||0px||false|false\u00a0\u00bb custom_padding=\u00a0\u00bb||0px||false|false\u00a0\u00bb scroll_horizontal_motion_enable=\u00a0\u00bbon\u00a0\u00bb locked=\u00a0\u00bboff\u00a0\u00bb global_colors_info=\u00a0\u00bb{}\u00a0\u00bb][et_pb_row make_equal=\u00a0\u00bbon\u00a0\u00bb _builder_version=\u00a0\u00bb4.16&Prime; _module_preset=\u00a0\u00bbdefault\u00a0\u00bb background_enable_image=\u00a0\u00bboff\u00a0\u00bb width=\u00a0\u00bb100%\u00a0\u00bb max_width=\u00a0\u00bb100%\u00a0\u00bb global_colors_info=\u00a0\u00bb{}\u00a0\u00bb][et_pb_column type=\u00a0\u00bb4_4&Prime; _builder_version=\u00a0\u00bb4.16&Prime; _module_preset=\u00a0\u00bbdefault\u00a0\u00bb global_colors_info=\u00a0\u00bb{}\u00a0\u00bb][\/et_pb_column][\/et_pb_row][\/et_pb_section][et_pb_section fb_built=\u00a0\u00bb1&Prime; admin_label=\u00a0\u00bbFresh Ingredients\u00a0\u00bb _builder_version=\u00a0\u00bb4.16&Prime; background_enable_color=\u00a0\u00bboff\u00a0\u00bb background_image=\u00a0\u00bbhttps:\/\/mascarpi.com\/wp-content\/uploads\/2022\/05\/CARPI-WEB-background-2.png\u00a0\u00bb parallax=\u00a0\u00bbon\u00a0\u00bb custom_padding=\u00a0\u00bb0px|0px|100px|0px||\u00a0\u00bb global_colors_info=\u00a0\u00bb{}\u00a0\u00bb][et_pb_row _builder_version=\u00a0\u00bb4.16&Prime; background_size=\u00a0\u00bbinitial\u00a0\u00bb background_position=\u00a0\u00bbtop_left\u00a0\u00bb background_repeat=\u00a0\u00bbrepeat\u00a0\u00bb custom_padding=\u00a0\u00bb27px|0px|27px|0px\u00a0\u00bb custom_width_px=\u00a0\u00bb1774px\u00a0\u00bb global_colors_info=\u00a0\u00bb{}\u00a0\u00bb][et_pb_column type=\u00a0\u00bb4_4&Prime; _builder_version=\u00a0\u00bb4.16&Prime; custom_padding=\u00a0\u00bb|||\u00a0\u00bb global_colors_info=\u00a0\u00bb{}\u00a0\u00bb custom_padding__hover=\u00a0\u00bb|||\u00a0\u00bb][et_pb_divider show_divider=\u00a0\u00bboff\u00a0\u00bb _builder_version=\u00a0\u00bb4.16&Prime; max_width=\u00a0\u00bb60px\u00a0\u00bb module_alignment=\u00a0\u00bbcenter\u00a0\u00bb custom_margin=\u00a0\u00bb||10px|\u00a0\u00bb saved_tabs=\u00a0\u00bball\u00a0\u00bb locked=\u00a0\u00bboff\u00a0\u00bb global_colors_info=\u00a0\u00bb{}\u00a0\u00bb][\/et_pb_divider][et_pb_toggle title=\u00a0\u00bb1. Que sont les cookies ?\u00a0\u00bb open_toggle_text_color=\u00a0\u00bb#FFFFFF\u00a0\u00bb open_toggle_background_color=\u00a0\u00bb#736D4F\u00a0\u00bb closed_toggle_background_color=\u00a0\u00bb#736D4F\u00a0\u00bb icon_color=\u00a0\u00bb#FFFFFF\u00a0\u00bb open_icon_color=\u00a0\u00bb#FFFFFF\u00a0\u00bb open_use_icon_font_size=\u00a0\u00bbon\u00a0\u00bb _builder_version=\u00a0\u00bb4.16&Prime; _module_preset=\u00a0\u00bbdefault\u00a0\u00bb title_text_color=\u00a0\u00bb#FFFFFF\u00a0\u00bb title_font=\u00a0\u00bbGotham Book|500|||||||\u00a0\u00bb title_font_size=\u00a0\u00bb20px\u00a0\u00bb body_font=\u00a0\u00bbGotham Book||||||||\u00a0\u00bb body_text_color=\u00a0\u00bb#FFFFFF\u00a0\u00bb hover_enabled=\u00a0\u00bb0&Prime; global_colors_info=\u00a0\u00bb{}\u00a0\u00bb sticky_enabled=\u00a0\u00bb0&Prime;]<\/p>\n<p>Un <em>cookie<\/em> est un fichier t\u00e9l\u00e9charg\u00e9 sur votre ordinateur lorsque vous acc\u00e9dez \u00e0 certaines pages Web. Les cookies permettent, entre autres, \u00e0 une page Web de stocker et de r\u00e9cup\u00e9rer des informations sur les habitudes de navigation d&rsquo;un utilisateur ou de son \u00e9quipement et, en fonction des informations qu&rsquo;ils contiennent et de la mani\u00e8re dont vous utilisez votre \u00e9quipement, ils peuvent \u00eatre utilis\u00e9s pour reconna\u00eetre \u00e0 l&rsquo;utilisateur ou pour enregistrer les options que l&rsquo;utilisateur a choisies (langue, couleurs, etc&#8230; ).<\/p>\n<p>Les cookies sont essentiels au fonctionnement d&rsquo;Internet, offrant d&rsquo;innombrables avantages \u00e0 la fourniture de services interactifs, facilitant la navigation et la convivialit\u00e9 de notre site Web.<\/p>\n<p>[\/et_pb_toggle][et_pb_toggle title=\u00a0\u00bb2. Type de cookies\u00a0\u00bb open_toggle_text_color=\u00a0\u00bb#FFFFFF\u00a0\u00bb open_toggle_background_color=\u00a0\u00bb#736D4F\u00a0\u00bb closed_toggle_background_color=\u00a0\u00bb#736D4F\u00a0\u00bb icon_color=\u00a0\u00bb#FFFFFF\u00a0\u00bb open_icon_color=\u00a0\u00bb#FFFFFF\u00a0\u00bb open_use_icon_font_size=\u00a0\u00bbon\u00a0\u00bb _builder_version=\u00a0\u00bb4.16&Prime; _module_preset=\u00a0\u00bbdefault\u00a0\u00bb title_text_color=\u00a0\u00bb#FFFFFF\u00a0\u00bb title_font=\u00a0\u00bbGotham Book|500|||||||\u00a0\u00bb title_font_size=\u00a0\u00bb20px\u00a0\u00bb body_font=\u00a0\u00bbGotham Book||||||||\u00a0\u00bb body_text_color=\u00a0\u00bb#FFFFFF\u00a0\u00bb hover_enabled=\u00a0\u00bb0&Prime; global_colors_info=\u00a0\u00bb{}\u00a0\u00bb sticky_enabled=\u00a0\u00bb0&Prime;]<\/p>\n<p><strong>Tout d\u00e9pend de qui les g\u00e8re.<\/strong> Ces cookies peuvent \u00eatre :<\/p>\n<p>&#8211; des cookies propres : ce sont ceux qui sont collect\u00e9s par l&rsquo;\u00e9diteur lui-m\u00eame pour fournir le service demand\u00e9 par l&rsquo;utilisateur<\/p>\n<p>&#8211; des cookies tiers : ce sont ceux qui sont collect\u00e9s et g\u00e9r\u00e9s par un tiers, ceux-ci ne peuvent \u00eatre consid\u00e9r\u00e9s comme les leurs.<\/p>\n<p>&nbsp;<\/p>\n<p>Selon le <strong>p\u00e9riode de temps<\/strong> pendant laquelle ils sont activ\u00e9s :<\/p>\n<p>&#8211; des cookies de session : ils collectent des donn\u00e9es pendant que l&rsquo;utilisateur navigue sur le Web afin de fournir le service demand\u00e9.<\/p>\n<p>&#8211; des cookies persistants : ils sont stock\u00e9s dans le terminal et les informations obtenues seront utilis\u00e9es par le responsable du cookie afin de fournir le service demand\u00e9.<\/p>\n<p>&nbsp;<\/p>\n<p>Selon le but pour <strong>lesquels<\/strong> les donn\u00e9es obtenues sont trait\u00e9es :<\/p>\n<p>&#8211; des cookies techniques : ils sont n\u00e9cessaires au bon fonctionnement de la navigation sur Internet.<\/p>\n<p>&#8211; des cookies de personnalisation : ils permettent \u00e0 l&rsquo;utilisateur de conna\u00eetre les caract\u00e9ristiques (langue) de navigation sur le site .<\/p>\n<p>&#8211; des cookies d&rsquo;analyse : ils permettent au fournisseur d&rsquo;analyser la navigation effectu\u00e9e par l&rsquo;utilisateur, afin de garder une trace de l&rsquo;utilisation de la page Web, ainsi que de r\u00e9aliser des statistiques sur le contenu le plus visit\u00e9, le nombre de visiteurs, etc.<\/p>\n<p>&#8211; des cookies publicitaires : ils permettent \u00e0 l&rsquo;\u00e9diteur d&rsquo;inclure des espaces publicitaires sur le web, en fonction du contenu du web lui-m\u00eame.<\/p>\n<p>&#8211; des cookies publicitaires comportementaux : ils permettent \u00e0 l&rsquo;\u00e9diteur d&rsquo;inclure des espaces publicitaires sur la page web en fonction des informations obtenues gr\u00e2ce aux habitudes de navigation de l&rsquo;utilisateur.<\/p>\n<p>[\/et_pb_toggle][et_pb_toggle title=\u00a0\u00bb3. Quel type de cookies ce site Web utilise-t-il ?\u00a0\u00bb open_toggle_text_color=\u00a0\u00bb#FFFFFF\u00a0\u00bb open_toggle_background_color=\u00a0\u00bb#736D4F\u00a0\u00bb closed_toggle_background_color=\u00a0\u00bb#736D4F\u00a0\u00bb icon_color=\u00a0\u00bb#FFFFFF\u00a0\u00bb open_icon_color=\u00a0\u00bb#FFFFFF\u00a0\u00bb open_use_icon_font_size=\u00a0\u00bbon\u00a0\u00bb _builder_version=\u00a0\u00bb4.21.0&Prime; _module_preset=\u00a0\u00bbdefault\u00a0\u00bb title_text_color=\u00a0\u00bb#FFFFFF\u00a0\u00bb title_font=\u00a0\u00bbGotham Book|500|||||||\u00a0\u00bb title_font_size=\u00a0\u00bb20px\u00a0\u00bb body_font=\u00a0\u00bbGotham Book||||||||\u00a0\u00bb body_text_color=\u00a0\u00bb#FFFFFF\u00a0\u00bb hover_enabled=\u00a0\u00bb0&Prime; global_colors_info=\u00a0\u00bb{}\u00a0\u00bb sticky_enabled=\u00a0\u00bb0&Prime;]<\/p>\n<p>Conform\u00e9ment aux dispositions de l&rsquo;article 22.2 de la loi 34\/2002 du 11 juillet sur les services de la soci\u00e9t\u00e9 de l&rsquo;information et du commerce \u00e9lectronique (LSSI-CE), Mas Carpi informe des <em>cookies<\/em> utilis\u00e9s sur notre site :<\/p>\n<p>Cookies propres et tiers<\/p>\n<p>Selon l&rsquo;usage auquel ils sont destin\u00e9s : <em>cookies<\/em> techniques, de personnalisation et d&rsquo;analyse<\/p>\n<p>L&rsquo;application que nous utilisons pour obtenir et analyser les informations de navigation est : Google Analytics : Vous pouvez consulter sa politique de confidentialit\u00e9 cookies via les liens suivants :<\/p>\n<p><a href=\"https:\/\/developers.google.com\/analytics\/devguides\/collection\/analyticsjs\/cookie-usage\">https:\/\/developers.google.com\/analytics\/devguides\/collection\/analyticsjs\/cookie-usage<\/a><\/p>\n<p><a href=\"https:\/\/support.google.com\/analytics\/answer\/6004245\">https:\/\/support.google.com\/analytics\/answer\/6004245<\/a><\/p>\n<p>[\/et_pb_toggle][et_pb_toggle title=\u00a0\u00bb4. Acceptation des cookies\u00a0\u00bb open_toggle_text_color=\u00a0\u00bb#FFFFFF\u00a0\u00bb open_toggle_background_color=\u00a0\u00bb#736D4F\u00a0\u00bb closed_toggle_background_color=\u00a0\u00bb#736D4F\u00a0\u00bb icon_color=\u00a0\u00bb#FFFFFF\u00a0\u00bb open_icon_color=\u00a0\u00bb#FFFFFF\u00a0\u00bb open_use_icon_font_size=\u00a0\u00bbon\u00a0\u00bb _builder_version=\u00a0\u00bb4.16&Prime; _module_preset=\u00a0\u00bbdefault\u00a0\u00bb title_text_color=\u00a0\u00bb#FFFFFF\u00a0\u00bb title_font=\u00a0\u00bbGotham Book|500|||||||\u00a0\u00bb title_font_size=\u00a0\u00bb20px\u00a0\u00bb body_font=\u00a0\u00bbGotham Book||||||||\u00a0\u00bb body_text_color=\u00a0\u00bb#FFFFFF\u00a0\u00bb global_colors_info=\u00a0\u00bb{}\u00a0\u00bb]<\/p>\n<p>L&rsquo;utilisateur accepte express\u00e9ment, lors de l&rsquo;utilisation de ce site, le traitement des informations collect\u00e9es de la mani\u00e8re et aux fins susmentionn\u00e9es.<\/p>\n<p>De m\u00eame, vous reconnaissez avoir connaissance de la possibilit\u00e9 de vous opposer au traitement de ces donn\u00e9es ou informations en refusant l&rsquo;utilisation de <em>cookies<\/em> en s\u00e9lectionnant la configuration appropri\u00e9e dans votre navigateur \u00e0 cet effet. Bien que cette option de blocage <em>cookies<\/em> dans votre navigateur peut ne pas vous permettre d&rsquo;utiliser toutes les fonctionnalit\u00e9s de la page Web.<\/p>\n<p>Vous pouvez autoriser, bloquer ou supprimer les <em>cookies<\/em> install\u00e9s sur votre ordinateur en configurant les options du navigateur install\u00e9 sur votre ordinateur.<\/p>\n<p>Dans chaque navigateur, le fonctionnement est diff\u00e9rent. Consultez l&rsquo;aide de votre navigateur pour savoir comment op\u00e9rer.<\/p>\n<p>[\/et_pb_toggle][\/et_pb_column][\/et_pb_row][\/et_pb_section]<\/p>\n","protected":false},"excerpt":{"rendered":"<p>Politique de cookiesUn cookie est un fichier t\u00e9l\u00e9charg\u00e9 sur votre ordinateur lorsque vous acc\u00e9dez \u00e0 certaines pages Web. Les cookies permettent, entre autres, \u00e0 une page Web de stocker et de r\u00e9cup\u00e9rer des informations sur les habitudes de navigation d&rsquo;un utilisateur ou de son \u00e9quipement et, en fonction des informations qu&rsquo;ils contiennent et de la [&hellip;]<\/p>\n","protected":false},"author":4,"featured_media":0,"parent":0,"menu_order":0,"comment_status":"closed","ping_status":"closed","template":"","meta":{"_et_pb_use_builder":"on","_et_pb_old_content":"","_et_gb_content_width":"","inline_featured_image":false,"_joinchat":[],"footnotes":""},"class_list":["post-1825","page","type-page","status-publish","hentry"],"yoast_head":"<!-- This site is optimized with the Yoast SEO plugin v25.5 - https:\/\/yoast.com\/wordpress\/plugins\/seo\/ -->\n<title>Politique de cookies - Casa rural ecosostenible<\/title>\n<meta name=\"description\" content=\"La politique en mati\u00e8re de cookies a pour objectif de fournir des informations claires et pr\u00e9cises sur les cookies utilis\u00e9s sur le site Mas Carpi.\" \/>\n<meta name=\"robots\" content=\"index, follow, max-snippet:-1, max-image-preview:large, max-video-preview:-1\" \/>\n<link rel=\"canonical\" href=\"https:\/\/mascarpi.com\/fr\/politique-de-cookies\/\" \/>\n<meta property=\"og:locale\" content=\"fr_FR\" \/>\n<meta property=\"og:type\" content=\"article\" \/>\n<meta property=\"og:title\" content=\"Politique de cookies - Casa rural ecosostenible\" \/>\n<meta property=\"og:description\" content=\"La politique en mati\u00e8re de cookies a pour objectif de fournir des informations claires et pr\u00e9cises sur les cookies utilis\u00e9s sur le site Mas Carpi.\" \/>\n<meta property=\"og:url\" content=\"https:\/\/mascarpi.com\/fr\/politique-de-cookies\/\" \/>\n<meta property=\"og:site_name\" content=\"Casa rural ecosostenible\" \/>\n<meta property=\"article:modified_time\" content=\"2023-11-28T10:48:37+00:00\" \/>\n<meta name=\"twitter:card\" content=\"summary_large_image\" \/>\n<meta name=\"twitter:label1\" content=\"Dur\u00e9e de lecture estim\u00e9e\" \/>\n\t<meta name=\"twitter:data1\" content=\"6 minutes\" \/>\n<script type=\"application\/ld+json\" class=\"yoast-schema-graph\">{\"@context\":\"https:\/\/schema.org\",\"@graph\":[{\"@type\":\"WebPage\",\"@id\":\"https:\/\/mascarpi.com\/fr\/politique-de-cookies\/\",\"url\":\"https:\/\/mascarpi.com\/fr\/politique-de-cookies\/\",\"name\":\"Politique de cookies - Casa rural ecosostenible\",\"isPartOf\":{\"@id\":\"https:\/\/mascarpi.com\/#website\"},\"datePublished\":\"2023-11-28T10:48:35+00:00\",\"dateModified\":\"2023-11-28T10:48:37+00:00\",\"description\":\"La politique en mati\u00e8re de cookies a pour objectif de fournir des informations claires et pr\u00e9cises sur les cookies utilis\u00e9s sur le site Mas Carpi.\",\"breadcrumb\":{\"@id\":\"https:\/\/mascarpi.com\/fr\/politique-de-cookies\/#breadcrumb\"},\"inLanguage\":\"fr-FR\",\"potentialAction\":[{\"@type\":\"ReadAction\",\"target\":[\"https:\/\/mascarpi.com\/fr\/politique-de-cookies\/\"]}]},{\"@type\":\"BreadcrumbList\",\"@id\":\"https:\/\/mascarpi.com\/fr\/politique-de-cookies\/#breadcrumb\",\"itemListElement\":[{\"@type\":\"ListItem\",\"position\":1,\"name\":\"Portada\",\"item\":\"https:\/\/mascarpi.com\/fr\/\"},{\"@type\":\"ListItem\",\"position\":2,\"name\":\"Politique de cookies\"}]},{\"@type\":\"WebSite\",\"@id\":\"https:\/\/mascarpi.com\/#website\",\"url\":\"https:\/\/mascarpi.com\/\",\"name\":\"Casa rural ecosostenible\",\"description\":\"Just another WordPress site\",\"potentialAction\":[{\"@type\":\"SearchAction\",\"target\":{\"@type\":\"EntryPoint\",\"urlTemplate\":\"https:\/\/mascarpi.com\/?s={search_term_string}\"},\"query-input\":{\"@type\":\"PropertyValueSpecification\",\"valueRequired\":true,\"valueName\":\"search_term_string\"}}],\"inLanguage\":\"fr-FR\"}]}<\/script>\n<!-- \/ Yoast SEO plugin. -->","yoast_head_json":{"title":"Politique de cookies - Casa rural ecosostenible","description":"La politique en mati\u00e8re de cookies a pour objectif de fournir des informations claires et pr\u00e9cises sur les cookies utilis\u00e9s sur le site Mas Carpi.","robots":{"index":"index","follow":"follow","max-snippet":"max-snippet:-1","max-image-preview":"max-image-preview:large","max-video-preview":"max-video-preview:-1"},"canonical":"https:\/\/mascarpi.com\/fr\/politique-de-cookies\/","og_locale":"fr_FR","og_type":"article","og_title":"Politique de cookies - Casa rural ecosostenible","og_description":"La politique en mati\u00e8re de cookies a pour objectif de fournir des informations claires et pr\u00e9cises sur les cookies utilis\u00e9s sur le site Mas Carpi.","og_url":"https:\/\/mascarpi.com\/fr\/politique-de-cookies\/","og_site_name":"Casa rural ecosostenible","article_modified_time":"2023-11-28T10:48:37+00:00","twitter_card":"summary_large_image","twitter_misc":{"Dur\u00e9e de lecture estim\u00e9e":"6 minutes"},"schema":{"@context":"https:\/\/schema.org","@graph":[{"@type":"WebPage","@id":"https:\/\/mascarpi.com\/fr\/politique-de-cookies\/","url":"https:\/\/mascarpi.com\/fr\/politique-de-cookies\/","name":"Politique de cookies - Casa rural ecosostenible","isPartOf":{"@id":"https:\/\/mascarpi.com\/#website"},"datePublished":"2023-11-28T10:48:35+00:00","dateModified":"2023-11-28T10:48:37+00:00","description":"La politique en mati\u00e8re de cookies a pour objectif de fournir des informations claires et pr\u00e9cises sur les cookies utilis\u00e9s sur le site Mas Carpi.","breadcrumb":{"@id":"https:\/\/mascarpi.com\/fr\/politique-de-cookies\/#breadcrumb"},"inLanguage":"fr-FR","potentialAction":[{"@type":"ReadAction","target":["https:\/\/mascarpi.com\/fr\/politique-de-cookies\/"]}]},{"@type":"BreadcrumbList","@id":"https:\/\/mascarpi.com\/fr\/politique-de-cookies\/#breadcrumb","itemListElement":[{"@type":"ListItem","position":1,"name":"Portada","item":"https:\/\/mascarpi.com\/fr\/"},{"@type":"ListItem","position":2,"name":"Politique de cookies"}]},{"@type":"WebSite","@id":"https:\/\/mascarpi.com\/#website","url":"https:\/\/mascarpi.com\/","name":"Casa rural ecosostenible","description":"Just another WordPress site","potentialAction":[{"@type":"SearchAction","target":{"@type":"EntryPoint","urlTemplate":"https:\/\/mascarpi.com\/?s={search_term_string}"},"query-input":{"@type":"PropertyValueSpecification","valueRequired":true,"valueName":"search_term_string"}}],"inLanguage":"fr-FR"}]}},"_links":{"self":[{"href":"https:\/\/mascarpi.com\/fr\/wp-json\/wp\/v2\/pages\/1825","targetHints":{"allow":["GET"]}}],"collection":[{"href":"https:\/\/mascarpi.com\/fr\/wp-json\/wp\/v2\/pages"}],"about":[{"href":"https:\/\/mascarpi.com\/fr\/wp-json\/wp\/v2\/types\/page"}],"author":[{"embeddable":true,"href":"https:\/\/mascarpi.com\/fr\/wp-json\/wp\/v2\/users\/4"}],"replies":[{"embeddable":true,"href":"https:\/\/mascarpi.com\/fr\/wp-json\/wp\/v2\/comments?post=1825"}],"version-history":[{"count":2,"href":"https:\/\/mascarpi.com\/fr\/wp-json\/wp\/v2\/pages\/1825\/revisions"}],"predecessor-version":[{"id":1827,"href":"https:\/\/mascarpi.com\/fr\/wp-json\/wp\/v2\/pages\/1825\/revisions\/1827"}],"wp:attachment":[{"href":"https:\/\/mascarpi.com\/fr\/wp-json\/wp\/v2\/media?parent=1825"}],"curies":[{"name":"wp","href":"https:\/\/api.w.org\/{rel}","templated":true}]}}