{"id":1828,"date":"2023-11-28T10:50:02","date_gmt":"2023-11-28T10:50:02","guid":{"rendered":"https:\/\/mascarpi.com\/pages-legales\/"},"modified":"2023-11-28T10:50:09","modified_gmt":"2023-11-28T10:50:09","slug":"pages-legales","status":"publish","type":"page","link":"https:\/\/mascarpi.com\/fr\/pages-legales\/","title":{"rendered":"Pages l\u00e9gales"},"content":{"rendered":"<p>[et_pb_section fb_built=\u00a0\u00bb1&Prime; _builder_version=\u00a0\u00bb4.15.1&Prime; _module_preset=\u00a0\u00bbdefault\u00a0\u00bb background_image=\u00a0\u00bbhttps:\/\/mascarpi.com\/wp-content\/uploads\/2023\/03\/MASCARPI_Revelades-111-2.webp\u00a0\u00bb background_enable_video_mp4=\u00a0\u00bboff\u00a0\u00bb height=\u00a0\u00bb70vh\u00a0\u00bb bottom_divider_repeat=\u00a0\u00bb1x\u00a0\u00bb locked=\u00a0\u00bboff\u00a0\u00bb global_colors_info=\u00a0\u00bb{}\u00a0\u00bb][et_pb_row _builder_version=\u00a0\u00bb4.15.1&Prime; _module_preset=\u00a0\u00bbdefault\u00a0\u00bb positioning=\u00a0\u00bbabsolute\u00a0\u00bb position_origin_a=\u00a0\u00bbcenter_center\u00a0\u00bb global_colors_info=\u00a0\u00bb{}\u00a0\u00bb][et_pb_column type=\u00a0\u00bb4_4&Prime; _builder_version=\u00a0\u00bb4.15.1&Prime; _module_preset=\u00a0\u00bbdefault\u00a0\u00bb global_colors_info=\u00a0\u00bb{}\u00a0\u00bb][et_pb_text _builder_version=\u00a0\u00bb4.15.1&Prime; _module_preset=\u00a0\u00bbdefault\u00a0\u00bb header_font=\u00a0\u00bbPlayfair Display||||||||\u00a0\u00bb header_text_color=\u00a0\u00bb#FFFFFF\u00a0\u00bb header_font_size=\u00a0\u00bb72px\u00a0\u00bb header_line_height=\u00a0\u00bb1.3em\u00a0\u00bb global_colors_info=\u00a0\u00bb{}\u00a0\u00bb]<\/p>\n<h1 style=\"text-align: center;\">Pages l\u00e9gales<\/h1>\n<p>[\/et_pb_text][\/et_pb_column][\/et_pb_row][\/et_pb_section][et_pb_section fb_built=\u00a0\u00bb1&Prime; _builder_version=\u00a0\u00bb4.15.1&Prime; _module_preset=\u00a0\u00bbdefault\u00a0\u00bb background_color=\u00a0\u00bbRGBA(255,255,255,0)\u00a0\u00bb background_image=\u00a0\u00bbhttps:\/\/mascarpi.com\/wp-content\/uploads\/2022\/04\/Recurso-4.svg\u00a0\u00bb min_height=\u00a0\u00bb20vh\u00a0\u00bb height=\u00a0\u00bb20vh\u00a0\u00bb custom_margin=\u00a0\u00bb-100px||0px||false|false\u00a0\u00bb custom_padding=\u00a0\u00bb||0px||false|false\u00a0\u00bb scroll_horizontal_motion_enable=\u00a0\u00bbon\u00a0\u00bb locked=\u00a0\u00bboff\u00a0\u00bb global_colors_info=\u00a0\u00bb{}\u00a0\u00bb][et_pb_row make_equal=\u00a0\u00bbon\u00a0\u00bb _builder_version=\u00a0\u00bb4.15.1&Prime; _module_preset=\u00a0\u00bbdefault\u00a0\u00bb background_enable_image=\u00a0\u00bboff\u00a0\u00bb width=\u00a0\u00bb100%\u00a0\u00bb max_width=\u00a0\u00bb100%\u00a0\u00bb global_colors_info=\u00a0\u00bb{}\u00a0\u00bb][et_pb_column type=\u00a0\u00bb4_4&Prime; _builder_version=\u00a0\u00bb4.15.1&Prime; _module_preset=\u00a0\u00bbdefault\u00a0\u00bb global_colors_info=\u00a0\u00bb{}\u00a0\u00bb][\/et_pb_column][\/et_pb_row][\/et_pb_section][et_pb_section fb_built=\u00a0\u00bb1&Prime; admin_label=\u00a0\u00bbFresh Ingredients\u00a0\u00bb _builder_version=\u00a0\u00bb4.15.1&Prime; background_enable_color=\u00a0\u00bboff\u00a0\u00bb background_image=\u00a0\u00bbhttps:\/\/mascarpi.com\/wp-content\/uploads\/2022\/05\/CARPI-WEB-background-2.png\u00a0\u00bb parallax=\u00a0\u00bbon\u00a0\u00bb custom_padding=\u00a0\u00bb0px|0px|100px|0px||\u00a0\u00bb global_colors_info=\u00a0\u00bb{}\u00a0\u00bb][et_pb_row _builder_version=\u00a0\u00bb4.15&Prime; background_size=\u00a0\u00bbinitial\u00a0\u00bb background_position=\u00a0\u00bbtop_left\u00a0\u00bb background_repeat=\u00a0\u00bbrepeat\u00a0\u00bb custom_padding=\u00a0\u00bb27px|0px|27px|0px\u00a0\u00bb custom_width_px=\u00a0\u00bb1774px\u00a0\u00bb global_colors_info=\u00a0\u00bb{}\u00a0\u00bb][et_pb_column type=\u00a0\u00bb4_4&Prime; _builder_version=\u00a0\u00bb4.15&Prime; custom_padding=\u00a0\u00bb|||\u00a0\u00bb global_colors_info=\u00a0\u00bb{}\u00a0\u00bb custom_padding__hover=\u00a0\u00bb|||\u00a0\u00bb][et_pb_divider show_divider=\u00a0\u00bboff\u00a0\u00bb _builder_version=\u00a0\u00bb4.15&Prime; max_width=\u00a0\u00bb60px\u00a0\u00bb module_alignment=\u00a0\u00bbcenter\u00a0\u00bb custom_margin=\u00a0\u00bb||10px|\u00a0\u00bb saved_tabs=\u00a0\u00bball\u00a0\u00bb locked=\u00a0\u00bboff\u00a0\u00bb global_colors_info=\u00a0\u00bb{}\u00a0\u00bb][\/et_pb_divider][et_pb_text _builder_version=\u00a0\u00bb4.15.1&Prime; _module_preset=\u00a0\u00bbdefault\u00a0\u00bb text_font=\u00a0\u00bbGotham Book||||||||\u00a0\u00bb header_2_font=\u00a0\u00bbNoto Serif||||||||\u00a0\u00bb locked=\u00a0\u00bboff\u00a0\u00bb global_colors_info=\u00a0\u00bb{}\u00a0\u00bb]<\/p>\n<h2>Avis juridique<\/h2>\n<p>[\/et_pb_text][et_pb_toggle title=\u00a0\u00bb1. Propri\u00e9t\u00e9\u00a0\u00bb open_toggle_text_color=\u00a0\u00bb#FFFFFF\u00a0\u00bb open_toggle_background_color=\u00a0\u00bb#736D4F\u00a0\u00bb closed_toggle_background_color=\u00a0\u00bb#736D4F\u00a0\u00bb icon_color=\u00a0\u00bb#FFFFFF\u00a0\u00bb open_icon_color=\u00a0\u00bb#FFFFFF\u00a0\u00bb open_use_icon_font_size=\u00a0\u00bbon\u00a0\u00bb _builder_version=\u00a0\u00bb4.15.1&Prime; _module_preset=\u00a0\u00bbdefault\u00a0\u00bb title_text_color=\u00a0\u00bb#FFFFFF\u00a0\u00bb title_font=\u00a0\u00bbGotham Book|500|||||||\u00a0\u00bb title_font_size=\u00a0\u00bb20px\u00a0\u00bb body_font=\u00a0\u00bbGotham Book||||||||\u00a0\u00bb body_text_color=\u00a0\u00bb#FFFFFF\u00a0\u00bb global_colors_info=\u00a0\u00bb{}\u00a0\u00bb]<\/p>\n<p>Conform\u00e9ment \u00e0 l&rsquo;article 10 de la loi 34\/2002 du 11 juillet sur les services de la soci\u00e9t\u00e9 de l&rsquo;information et du commerce \u00e9lectronique (LSSI-CE), nous vous informons que ce site Web et le domaine www.mascarpi.com appartiennent \u00e0 Jaume Sendra Marl\u00e8s (ci-apr\u00e8s MAS CARPI), avec NIF 77783167L, domicili\u00e9 \u00e0 Crta Les Ordes Km 3.6 43815 Aiguam\u00farcia (Tarragone).<\/p>\n<p>[\/et_pb_toggle][et_pb_toggle title=\u00a0\u00bb2. Conditions d&apos;utilisation\u00a0\u00bb open_toggle_text_color=\u00a0\u00bb#FFFFFF\u00a0\u00bb open_toggle_background_color=\u00a0\u00bb#736D4F\u00a0\u00bb closed_toggle_background_color=\u00a0\u00bb#736D4F\u00a0\u00bb icon_color=\u00a0\u00bb#FFFFFF\u00a0\u00bb open_icon_color=\u00a0\u00bb#FFFFFF\u00a0\u00bb open_use_icon_font_size=\u00a0\u00bbon\u00a0\u00bb _builder_version=\u00a0\u00bb4.15.1&Prime; _module_preset=\u00a0\u00bbdefault\u00a0\u00bb title_text_color=\u00a0\u00bb#FFFFFF\u00a0\u00bb title_font=\u00a0\u00bbGotham Book|500|||||||\u00a0\u00bb title_font_size=\u00a0\u00bb20px\u00a0\u00bb body_font=\u00a0\u00bbGotham Book||||||||\u00a0\u00bb body_text_color=\u00a0\u00bb#FFFFFF\u00a0\u00bb global_colors_info=\u00a0\u00bb{}\u00a0\u00bb]<\/p>\n<p>L&rsquo;utilisation de ce site Web est soumise aux conditions d&rsquo;utilisation suivantes. Nous vous demandons de les lire attentivement. Le fait d&rsquo;acc\u00e9der \u00e0 ce site et d&rsquo;utiliser les liens qu&rsquo;il contient implique que vous avez lu et accept\u00e9, sans r\u00e9serve, ces conditions.<\/p>\n<p>Mas Carpi se r\u00e9serve le droit de modifier \u00e0 tout moment les pr\u00e9sentes Conditions G\u00e9n\u00e9rales, ainsi que toutes autres conditions ou instructions applicables \u00e0 ce site. De m\u00eame, il se r\u00e9serve le droit de suspendre, d&rsquo;interrompre ou d&rsquo;arr\u00eater l&rsquo;exploitation de ce site \u00e0 tout moment.<\/p>\n<p>Ce portail Web contient des documents pr\u00e9par\u00e9s par Mas Carpi \u00e0 des fins d&rsquo;information uniquement.<\/p>\n<p>[\/et_pb_toggle][et_pb_toggle title=\u00a0\u00bb3. Responsabilit\u00e9 des quotas et des liens\u00a0\u00bb open_toggle_text_color=\u00a0\u00bb#FFFFFF\u00a0\u00bb open_toggle_background_color=\u00a0\u00bb#736D4F\u00a0\u00bb closed_toggle_background_color=\u00a0\u00bb#736D4F\u00a0\u00bb icon_color=\u00a0\u00bb#FFFFFF\u00a0\u00bb open_icon_color=\u00a0\u00bb#FFFFFF\u00a0\u00bb open_use_icon_font_size=\u00a0\u00bbon\u00a0\u00bb _builder_version=\u00a0\u00bb4.15.1&Prime; _module_preset=\u00a0\u00bbdefault\u00a0\u00bb title_text_color=\u00a0\u00bb#FFFFFF\u00a0\u00bb title_font=\u00a0\u00bbGotham Book|500|||||||\u00a0\u00bb title_font_size=\u00a0\u00bb20px\u00a0\u00bb body_font=\u00a0\u00bbGotham Book||||||||\u00a0\u00bb body_text_color=\u00a0\u00bb#FFFFFF\u00a0\u00bb global_colors_info=\u00a0\u00bb{}\u00a0\u00bb]<\/p>\n<p>L&rsquo;utilisateur utilise ce site sous sa propre responsabilit\u00e9. Mas Carpi d\u00e9cline toute responsabilit\u00e9 d\u00e9riv\u00e9e de l&rsquo;utilisation abusive du contenu de ses pages.<\/p>\n<p>Mas Carpi n&rsquo;est pas responsable des erreurs ou omissions dans ses contenus qui sont simplement informatifs et ne lient pas le propri\u00e9taire du site jusqu&rsquo;\u00e0 la confirmation de l&rsquo;acceptation d&rsquo;un contrat. Mas Carpi ne peut \u00eatre tenu responsable de tout dommage d\u00e9coulant de l&rsquo;utilisation de ce site Web, ni de toute action effectu\u00e9e sur la base des informations fournies.<\/p>\n<p>Mas Carpi comprend des liens qui peuvent diriger l&rsquo;utilisateur vers d&rsquo;autres lieux et pages Web g\u00e9r\u00e9s par des tiers. Son but est simplement informatif. Mas Carpi ne sera pas responsable du contenu ou de l&rsquo;\u00e9tat de ces lieux ou de ces pages Web, ni n&rsquo;implique une recommandation ou une approbation de leur contenu.<\/p>\n<p>[\/et_pb_toggle][et_pb_toggle title=\u00a0\u00bb4. Droits de propri\u00e9t\u00e9 intellectuelle et industrielle\u00a0\u00bb open_toggle_text_color=\u00a0\u00bb#FFFFFF\u00a0\u00bb open_toggle_background_color=\u00a0\u00bb#736D4F\u00a0\u00bb closed_toggle_background_color=\u00a0\u00bb#736D4F\u00a0\u00bb icon_color=\u00a0\u00bb#FFFFFF\u00a0\u00bb open_icon_color=\u00a0\u00bb#FFFFFF\u00a0\u00bb open_use_icon_font_size=\u00a0\u00bbon\u00a0\u00bb _builder_version=\u00a0\u00bb4.15.1&Prime; _module_preset=\u00a0\u00bbdefault\u00a0\u00bb title_text_color=\u00a0\u00bb#FFFFFF\u00a0\u00bb title_font=\u00a0\u00bbGotham Book|500|||||||\u00a0\u00bb title_font_size=\u00a0\u00bb20px\u00a0\u00bb body_font=\u00a0\u00bbGotham Book||||||||\u00a0\u00bb body_text_color=\u00a0\u00bb#FFFFFF\u00a0\u00bb global_colors_info=\u00a0\u00bb{}\u00a0\u00bb]<\/p>\n<p>L&rsquo;ensemble du contenu et de la structure de cette page Web : logos, textes, photographies, dessins, combinaisons de couleurs, la forme de pr\u00e9sentation du contenu ou d&rsquo;autres \u00e9l\u00e9ments est affect\u00e9 par les droits de propri\u00e9t\u00e9 intellectuelle et industrielle d\u00e9tenus par Mas Carpi <span>ou par des tiers avec lesquels Mas Carpi a accept\u00e9 son utilisation<\/span>.<\/p>\n<p>L&rsquo;utilisateur s&rsquo;engage \u00e0 respecter ces droits de propri\u00e9t\u00e9 intellectuelle et industrielle, propri\u00e9t\u00e9 de Mas Carpi .<\/p>\n<p>Vous pourrez visualiser les \u00e9l\u00e9ments du portail et m\u00eame les imprimer, les copier et les stocker sur le disque dur de votre ordinateur ou tout autre support physique, \u00e0 condition que ce soit uniquement et exclusivement pour un usage personnel et priv\u00e9.<\/p>\n<p>La reproduction, la distribution, la communication publique, la mise \u00e0 disposition du public et en g\u00e9n\u00e9ral toute autre forme d&rsquo;exploitation, par quelque proc\u00e9d\u00e9 que ce soit, de tout ou partie du contenu de ce site est interdite.<\/p>\n<p>L&rsquo;utilisateur devra s&rsquo;abstenir de supprimer, modifier, \u00e9luder ou manipuler tout dispositif de protection ou syst\u00e8me de s\u00e9curit\u00e9 install\u00e9 sur les pages Mas Carpi .<\/p>\n<p>[\/et_pb_toggle][et_pb_toggle title=\u00a0\u00bb5. Droit applicable et juridiction\u00a0\u00bb open_toggle_text_color=\u00a0\u00bb#FFFFFF\u00a0\u00bb open_toggle_background_color=\u00a0\u00bb#736D4F\u00a0\u00bb closed_toggle_background_color=\u00a0\u00bb#736D4F\u00a0\u00bb icon_color=\u00a0\u00bb#FFFFFF\u00a0\u00bb open_icon_color=\u00a0\u00bb#FFFFFF\u00a0\u00bb open_use_icon_font_size=\u00a0\u00bbon\u00a0\u00bb _builder_version=\u00a0\u00bb4.15.1&Prime; _module_preset=\u00a0\u00bbdefault\u00a0\u00bb title_text_color=\u00a0\u00bb#FFFFFF\u00a0\u00bb title_font=\u00a0\u00bbGotham Book|500|||||||\u00a0\u00bb title_font_size=\u00a0\u00bb20px\u00a0\u00bb body_font=\u00a0\u00bbGotham Book||||||||\u00a0\u00bb body_text_color=\u00a0\u00bb#FFFFFF\u00a0\u00bb global_colors_info=\u00a0\u00bb{}\u00a0\u00bb]<\/p>\n<p>La relation entre l&rsquo;utilisateur et le pr\u00eateur sera r\u00e9gie par la r\u00e9glementation en vigueur et applicable sur le territoire espagnol.<\/p>\n<p>En cas de contestation, les parties pourront soumettre leurs conflits \u00e0 l&rsquo;arbitrage ou saisir la juridiction de droit commun, en respectant les r\u00e8gles de juridiction et de comp\u00e9tence en la mati\u00e8re.<\/p>\n<p>[\/et_pb_toggle][\/et_pb_column][\/et_pb_row][et_pb_row _builder_version=\u00a0\u00bb4.15&Prime; background_size=\u00a0\u00bbinitial\u00a0\u00bb background_position=\u00a0\u00bbtop_left\u00a0\u00bb background_repeat=\u00a0\u00bbrepeat\u00a0\u00bb custom_padding=\u00a0\u00bb27px|0px|27px|0px\u00a0\u00bb custom_width_px=\u00a0\u00bb1774px\u00a0\u00bb global_colors_info=\u00a0\u00bb{}\u00a0\u00bb][et_pb_column type=\u00a0\u00bb4_4&Prime; _builder_version=\u00a0\u00bb4.15&Prime; custom_padding=\u00a0\u00bb|||\u00a0\u00bb global_colors_info=\u00a0\u00bb{}\u00a0\u00bb custom_padding__hover=\u00a0\u00bb|||\u00a0\u00bb][et_pb_divider show_divider=\u00a0\u00bboff\u00a0\u00bb _builder_version=\u00a0\u00bb4.15&Prime; max_width=\u00a0\u00bb60px\u00a0\u00bb module_alignment=\u00a0\u00bbcenter\u00a0\u00bb custom_margin=\u00a0\u00bb||10px|\u00a0\u00bb saved_tabs=\u00a0\u00bball\u00a0\u00bb locked=\u00a0\u00bboff\u00a0\u00bb global_colors_info=\u00a0\u00bb{}\u00a0\u00bb][\/et_pb_divider][et_pb_text _builder_version=\u00a0\u00bb4.15.1&Prime; _module_preset=\u00a0\u00bbdefault\u00a0\u00bb text_font=\u00a0\u00bbGotham Book||||||||\u00a0\u00bb header_2_font=\u00a0\u00bbNoto Serif||||||||\u00a0\u00bb locked=\u00a0\u00bboff\u00a0\u00bb global_colors_info=\u00a0\u00bb{}\u00a0\u00bb]<\/p>\n<h2>Politique de confidentialit\u00e9<\/h2>\n<p>[\/et_pb_text][et_pb_toggle title=\u00a0\u00bb1. Confidentialit\u00e9 des donn\u00e9es\u00a0\u00bb open_toggle_text_color=\u00a0\u00bb#FFFFFF\u00a0\u00bb open_toggle_background_color=\u00a0\u00bb#736D4F\u00a0\u00bb closed_toggle_background_color=\u00a0\u00bb#736D4F\u00a0\u00bb icon_color=\u00a0\u00bb#FFFFFF\u00a0\u00bb open_icon_color=\u00a0\u00bb#FFFFFF\u00a0\u00bb open_use_icon_font_size=\u00a0\u00bbon\u00a0\u00bb _builder_version=\u00a0\u00bb4.15.1&Prime; _module_preset=\u00a0\u00bbdefault\u00a0\u00bb title_text_color=\u00a0\u00bb#FFFFFF\u00a0\u00bb title_font=\u00a0\u00bbGotham Book|500|||||||\u00a0\u00bb title_font_size=\u00a0\u00bb20px\u00a0\u00bb body_font=\u00a0\u00bbGotham Book||||||||\u00a0\u00bb body_text_color=\u00a0\u00bb#FFFFFF\u00a0\u00bb global_colors_info=\u00a0\u00bb{}\u00a0\u00bb]<\/p>\n<p>En application du nouveau r\u00e8glement (UE) 2016\/679 du Parlement europ\u00e9en et du Conseil du 27 avril 2016 relatif \u00e0 la protection des personnes physiques \u00e0 l&rsquo;\u00e9gard du traitement des donn\u00e9es \u00e0 caract\u00e8re personnel et \u00e0 la libre circulation de ces donn\u00e9es, ( ci-apr\u00e8s RGPD), applicable \u00e0 tous les pays membres de l&rsquo;Union Europ\u00e9enne \u00e0 compter du 25 mai 2018, nous vous informons sur le traitement de vos donn\u00e9es personnelles.<\/p>\n<p>Mas Carpi informe les utilisateurs de son site Internet que les donn\u00e9es personnelles collect\u00e9es par la soci\u00e9t\u00e9, par le biais des formulaires pr\u00e9sents sur sa page, seront introduites dans un fichier sous la responsabilit\u00e9 de Mas Carpi, afin de faciliter notre communication, la confirmation des r\u00e9servations, clarifier toute doutes ou questions \u00e0 son sujet, acc\u00e9l\u00e9rant ainsi et remplissant les engagements \u00e9tablis entre les deux parties.<\/p>\n<p>En outre, ils peuvent \u00eatre utilis\u00e9s pour promouvoir notre h\u00e9bergement rural.<\/p>\n<p>Nous vous informons que nous conserverons vos donn\u00e9es pendant une dur\u00e9e maximale de 5 ans et s&rsquo;il n&rsquo;y a plus de contact, nous les supprimerons d\u00e9finitivement de nos fichiers.<\/p>\n<p>De m\u00eame, Mas Carpi informe de la possibilit\u00e9 d&rsquo;exercer vos droits d&rsquo;acc\u00e8s, de transparence, de rectification, d&rsquo;annulation, d&rsquo;opposition, de suppression et de limitation du traitement pr\u00e9vu par le r\u00e8glement, en \u00e9crivant \u00e0 l&rsquo;adresse : Carretera Les Ordes km 3, 5 \u2013 43815 Aiguam\u00farcia ou \u00e0 notre email: <a href=\"mailto:info@mascarpi.com\"><span>info@mascarpi.com.<\/span><\/a> La demande doit contenir le nom et le pr\u00e9nom de l&rsquo;utilisateur, l&rsquo;adresse aux fins de notification, une photocopie du document national d&rsquo;identit\u00e9 ou du passeport, le contenu sp\u00e9cifique de la demande ou du droit exerc\u00e9 et la documentation, le cas \u00e9ch\u00e9ant.<\/p>\n<p>Tant que le client ne communique de changement \u00e0 Mas Carpi, celui en d\u00e9duira que ses coordonn\u00e9es n\u2019 ont pas \u00e9t\u00e9 modifi\u00e9es et que le client s\u2019engage \u00e0 notifier \u00e0 Mas Carpi tout changementet qu\u2019il donne son consentement pour les utiliser afin de pouvoir fid\u00e9liser la relation entre les deux parties.<\/p>\n<p>[\/et_pb_toggle][\/et_pb_column][\/et_pb_row][\/et_pb_section]<\/p>\n","protected":false},"excerpt":{"rendered":"<p>Pages l\u00e9galesAvis juridiqueConform\u00e9ment \u00e0 l&rsquo;article 10 de la loi 34\/2002 du 11 juillet sur les services de la soci\u00e9t\u00e9 de l&rsquo;information et du commerce \u00e9lectronique (LSSI-CE), nous vous informons que ce site Web et le domaine www.mascarpi.com appartiennent \u00e0 Jaume Sendra Marl\u00e8s (ci-apr\u00e8s MAS CARPI), avec NIF 77783167L, domicili\u00e9 \u00e0 Crta Les Ordes Km 3.6 [&hellip;]<\/p>\n","protected":false},"author":1,"featured_media":0,"parent":0,"menu_order":0,"comment_status":"closed","ping_status":"closed","template":"","meta":{"_et_pb_use_builder":"on","_et_pb_old_content":"","_et_gb_content_width":"","inline_featured_image":false,"_joinchat":[],"footnotes":""},"class_list":["post-1828","page","type-page","status-publish","hentry"],"yoast_head":"<!-- This site is optimized with the Yoast SEO plugin v25.5 - https:\/\/yoast.com\/wordpress\/plugins\/seo\/ -->\n<title>Pages l\u00e9gales - Casa rural ecosostenible<\/title>\n<meta name=\"description\" content=\"Pages l\u00e9gales Informations sur le traitement des donn\u00e9es des utilisateurs et l&#039;utilisation de ces donn\u00e9es par Mas Carpi.\" \/>\n<meta name=\"robots\" content=\"index, follow, max-snippet:-1, max-image-preview:large, max-video-preview:-1\" \/>\n<link rel=\"canonical\" href=\"https:\/\/mascarpi.com\/fr\/pages-legales\/\" \/>\n<meta property=\"og:locale\" content=\"fr_FR\" \/>\n<meta property=\"og:type\" content=\"article\" \/>\n<meta property=\"og:title\" content=\"Pages l\u00e9gales - Casa rural ecosostenible\" \/>\n<meta property=\"og:description\" content=\"Pages l\u00e9gales Informations sur le traitement des donn\u00e9es des utilisateurs et l&#039;utilisation de ces donn\u00e9es par Mas Carpi.\" \/>\n<meta property=\"og:url\" content=\"https:\/\/mascarpi.com\/fr\/pages-legales\/\" \/>\n<meta property=\"og:site_name\" content=\"Casa rural ecosostenible\" \/>\n<meta property=\"article:modified_time\" content=\"2023-11-28T10:50:09+00:00\" \/>\n<meta name=\"twitter:card\" content=\"summary_large_image\" \/>\n<meta name=\"twitter:label1\" content=\"Dur\u00e9e de lecture estim\u00e9e\" \/>\n\t<meta name=\"twitter:data1\" content=\"9 minutes\" \/>\n<script type=\"application\/ld+json\" class=\"yoast-schema-graph\">{\"@context\":\"https:\/\/schema.org\",\"@graph\":[{\"@type\":\"WebPage\",\"@id\":\"https:\/\/mascarpi.com\/fr\/pages-legales\/\",\"url\":\"https:\/\/mascarpi.com\/fr\/pages-legales\/\",\"name\":\"Pages l\u00e9gales - Casa rural ecosostenible\",\"isPartOf\":{\"@id\":\"https:\/\/mascarpi.com\/#website\"},\"datePublished\":\"2023-11-28T10:50:02+00:00\",\"dateModified\":\"2023-11-28T10:50:09+00:00\",\"description\":\"Pages l\u00e9gales Informations sur le traitement des donn\u00e9es des utilisateurs et l'utilisation de ces donn\u00e9es par Mas Carpi.\",\"breadcrumb\":{\"@id\":\"https:\/\/mascarpi.com\/fr\/pages-legales\/#breadcrumb\"},\"inLanguage\":\"fr-FR\",\"potentialAction\":[{\"@type\":\"ReadAction\",\"target\":[\"https:\/\/mascarpi.com\/fr\/pages-legales\/\"]}]},{\"@type\":\"BreadcrumbList\",\"@id\":\"https:\/\/mascarpi.com\/fr\/pages-legales\/#breadcrumb\",\"itemListElement\":[{\"@type\":\"ListItem\",\"position\":1,\"name\":\"Portada\",\"item\":\"https:\/\/mascarpi.com\/fr\/\"},{\"@type\":\"ListItem\",\"position\":2,\"name\":\"Pages l\u00e9gales\"}]},{\"@type\":\"WebSite\",\"@id\":\"https:\/\/mascarpi.com\/#website\",\"url\":\"https:\/\/mascarpi.com\/\",\"name\":\"Casa rural ecosostenible\",\"description\":\"Just another WordPress site\",\"potentialAction\":[{\"@type\":\"SearchAction\",\"target\":{\"@type\":\"EntryPoint\",\"urlTemplate\":\"https:\/\/mascarpi.com\/?s={search_term_string}\"},\"query-input\":{\"@type\":\"PropertyValueSpecification\",\"valueRequired\":true,\"valueName\":\"search_term_string\"}}],\"inLanguage\":\"fr-FR\"}]}<\/script>\n<!-- \/ Yoast SEO plugin. -->","yoast_head_json":{"title":"Pages l\u00e9gales - Casa rural ecosostenible","description":"Pages l\u00e9gales Informations sur le traitement des donn\u00e9es des utilisateurs et l'utilisation de ces donn\u00e9es par Mas Carpi.","robots":{"index":"index","follow":"follow","max-snippet":"max-snippet:-1","max-image-preview":"max-image-preview:large","max-video-preview":"max-video-preview:-1"},"canonical":"https:\/\/mascarpi.com\/fr\/pages-legales\/","og_locale":"fr_FR","og_type":"article","og_title":"Pages l\u00e9gales - Casa rural ecosostenible","og_description":"Pages l\u00e9gales Informations sur le traitement des donn\u00e9es des utilisateurs et l'utilisation de ces donn\u00e9es par Mas Carpi.","og_url":"https:\/\/mascarpi.com\/fr\/pages-legales\/","og_site_name":"Casa rural ecosostenible","article_modified_time":"2023-11-28T10:50:09+00:00","twitter_card":"summary_large_image","twitter_misc":{"Dur\u00e9e de lecture estim\u00e9e":"9 minutes"},"schema":{"@context":"https:\/\/schema.org","@graph":[{"@type":"WebPage","@id":"https:\/\/mascarpi.com\/fr\/pages-legales\/","url":"https:\/\/mascarpi.com\/fr\/pages-legales\/","name":"Pages l\u00e9gales - Casa rural ecosostenible","isPartOf":{"@id":"https:\/\/mascarpi.com\/#website"},"datePublished":"2023-11-28T10:50:02+00:00","dateModified":"2023-11-28T10:50:09+00:00","description":"Pages l\u00e9gales Informations sur le traitement des donn\u00e9es des utilisateurs et l'utilisation de ces donn\u00e9es par Mas Carpi.","breadcrumb":{"@id":"https:\/\/mascarpi.com\/fr\/pages-legales\/#breadcrumb"},"inLanguage":"fr-FR","potentialAction":[{"@type":"ReadAction","target":["https:\/\/mascarpi.com\/fr\/pages-legales\/"]}]},{"@type":"BreadcrumbList","@id":"https:\/\/mascarpi.com\/fr\/pages-legales\/#breadcrumb","itemListElement":[{"@type":"ListItem","position":1,"name":"Portada","item":"https:\/\/mascarpi.com\/fr\/"},{"@type":"ListItem","position":2,"name":"Pages l\u00e9gales"}]},{"@type":"WebSite","@id":"https:\/\/mascarpi.com\/#website","url":"https:\/\/mascarpi.com\/","name":"Casa rural ecosostenible","description":"Just another WordPress site","potentialAction":[{"@type":"SearchAction","target":{"@type":"EntryPoint","urlTemplate":"https:\/\/mascarpi.com\/?s={search_term_string}"},"query-input":{"@type":"PropertyValueSpecification","valueRequired":true,"valueName":"search_term_string"}}],"inLanguage":"fr-FR"}]}},"_links":{"self":[{"href":"https:\/\/mascarpi.com\/fr\/wp-json\/wp\/v2\/pages\/1828","targetHints":{"allow":["GET"]}}],"collection":[{"href":"https:\/\/mascarpi.com\/fr\/wp-json\/wp\/v2\/pages"}],"about":[{"href":"https:\/\/mascarpi.com\/fr\/wp-json\/wp\/v2\/types\/page"}],"author":[{"embeddable":true,"href":"https:\/\/mascarpi.com\/fr\/wp-json\/wp\/v2\/users\/1"}],"replies":[{"embeddable":true,"href":"https:\/\/mascarpi.com\/fr\/wp-json\/wp\/v2\/comments?post=1828"}],"version-history":[{"count":2,"href":"https:\/\/mascarpi.com\/fr\/wp-json\/wp\/v2\/pages\/1828\/revisions"}],"predecessor-version":[{"id":1830,"href":"https:\/\/mascarpi.com\/fr\/wp-json\/wp\/v2\/pages\/1828\/revisions\/1830"}],"wp:attachment":[{"href":"https:\/\/mascarpi.com\/fr\/wp-json\/wp\/v2\/media?parent=1828"}],"curies":[{"name":"wp","href":"https:\/\/api.w.org\/{rel}","templated":true}]}}